{"id":587,"date":"2015-08-04T04:58:47","date_gmt":"2015-08-04T04:58:47","guid":{"rendered":"http:\/\/boliviaclasica.mewmedia.com\/?page_id=587"},"modified":"2026-01-08T07:00:47","modified_gmt":"2026-01-08T07:00:47","slug":"partnerships","status":"publish","type":"page","link":"https:\/\/boliviaclasica.com\/es\/about\/partnerships\/","title":{"rendered":"Alianzas"},"content":{"rendered":"\n<div class=\"wp-block-media-text is-stacked-on-mobile\"><figure class=\"wp-block-media-text__media\"><img decoding=\"async\" src=\"https:\/\/boliviaclasica.com\/wp-content\/uploads\/2025\/09\/IMG_8609-1024x768.jpeg\" alt=\"\" class=\"wp-image-5539 size-full\"\/><\/figure><div class=\"wp-block-media-text__content\">\n<p><strong>CAPI &#8211; Centro Acad\u00e9mico Pedag\u00f3gico Integral<\/strong><\/p>\n\n\n\n<p>En 2023 Bolivia Cl\u00e1sica y CAPI combinan esfuerzos para fortalecer la oferta musical en Samaipata, a trav\u00e9s de actividades pedag\u00f3gicas y festivales internacionales. Fruto de un encuentro entre Ana-Maria Vera y M\u00f3nica y Liliana Navia, esta alianza ha lanzado talleres para ni\u00f1os, programas de formaci\u00f3n musical, la donaci\u00f3n de un piano de cola y el Festival TakuApu, reuniendo a artistas de toda Bolivia y del mundo.<\/p>\n\n\n\n<p>Desde CAPI se busca brindar soporte a la actividad pedag\u00f3gica y art\u00edstica del pueblo de Samaipata, principalmente en temas de formaci\u00f3n permanente, de recursos pedag\u00f3gicos y de dinamizaci\u00f3n de proyectos educativos y actividades culturales de la zona.<\/p>\n\n\n\n<p><a href=\"https:\/\/www.facebook.com\/profile.php?id=100078096283586\"><a href=\"https:\/\/www.facebook.com\/profile.php?id=100078096283586\">CAPI Facebook<\/a><\/a><\/p>\n<\/div><\/div>\n\n\n\n<div class=\"wp-block-media-text is-stacked-on-mobile\"><figure class=\"wp-block-media-text__media\"><img decoding=\"async\" src=\"https:\/\/boliviaclasica.com\/wp-content\/uploads\/2025\/09\/WhatsApp-Image-2024-04-21-at-12.01.07-1024x683.jpeg\" alt=\"\" class=\"wp-image-5590 size-full\"\/><\/figure><div class=\"wp-block-media-text__content\">\n<p><strong>Banco Sol \/ Clave Sol<\/strong><\/p>\n\n\n\n<p>La creaci\u00f3n en 2022 de un convenio entre Bolivia Cl\u00e1sica y Banco Sol para implementar su programa social musical Clave Sol en La Paz y El Alto, nos llev\u00f3 a asumir un trabajo grupal a gran escala.<\/p>\n\n\n\n<p>Las&nbsp;<strong>Escuelas de Capital Social de BancoSol<\/strong>&nbsp;son un programa de Responsabilidad Social Empresarial (RSE) que ofrece&nbsp;<strong>cursos gratuitos<\/strong>&nbsp;de apoyo escolar y formaci\u00f3n en habilidades blandas y tecnol\u00f3gicas a ni\u00f1os, ni\u00f1as y adolescentes en Bolivia, buscando impulsar su desarrollo y futuro, en alianza con otras instituciones expertas, como parte de su compromiso con el capital humano y la comunidad.&nbsp;<\/p>\n\n\n\n<p><a href=\"https:\/\/www.facebook.com\/BancoSolidarioBolivia\">https:\/\/www.facebook.com\/BancoSolidarioBolivia<\/a><\/p>\n<\/div><\/div>\n\n\n\n<div class=\"wp-block-media-text is-stacked-on-mobile\"><figure class=\"wp-block-media-text__media\"><img decoding=\"async\" src=\"https:\/\/boliviaclasica.com\/wp-content\/uploads\/2025\/09\/IMG_7631-1024x580.jpg\" alt=\"\" class=\"wp-image-5592 size-full\"\/><\/figure><div class=\"wp-block-media-text__content\">\n<p><strong>Iberacademy<\/strong><\/p>\n\n\n\n<p>Iberacademy y Bolivia Cl\u00e1sica crearon una alianza permitiendo a j\u00f3venes talentos bolivianos participar en actividades internacionales de gran prestigio, acceder a becas educativas y hacer trabajo social en contextos mutuamente beneficiosos.<\/p>\n\n\n\n<p>La Academia Filarm\u00f3nica Iberoamericana \u2013Iberacademy-, es un&nbsp;<strong>programa de desarrollo humano basado en la excelencia musical<\/strong>, dedicado a ofrecer oportunidades a j\u00f3venes talento de Latinoam\u00e9rica, propiciando experiencias encaminadas a motivar, inspirar y formar l\u00edderes transformadores de la sociedad, a trav\u00e9s de la&nbsp;<strong>pr\u00e1ctica orquestal<\/strong>, la&nbsp;<strong>pedagog\u00eda<\/strong>&nbsp;y el&nbsp;<strong>emprendimiento creativo<\/strong>.<\/p>\n\n\n\n<p>Este programa, fundado desde hace m\u00e1s de una d\u00e9cada por el director de orquesta colombiano,&nbsp;<strong>Alejandro Posada G\u00f3mez<\/strong>, tiene su sede en la ciudad de Sabaneta, Colombia, y expande su impacto a&nbsp;<strong>35 municipios del departamento de Antioquia y a 5 pa\u00edses de Latinoam\u00e9rica<\/strong>.<\/p>\n\n\n\n<p><a href=\"http:\/\/iberacademy.org\" data-type=\"link\" data-id=\"iberacademy.org\">iberacademy.org<\/a><\/p>\n<\/div><\/div>\n\n\n\n<div class=\"wp-block-media-text is-stacked-on-mobile\"><figure class=\"wp-block-media-text__media\"><img decoding=\"async\" src=\"https:\/\/boliviaclasica.com\/wp-content\/uploads\/2025\/12\/La-Sociedad-Boliviana-de-Musica-de-Camara-colab-con-BC-1024x683.jpg\" alt=\"\" class=\"wp-image-6774 size-full\"\/><\/figure><div class=\"wp-block-media-text__content\">\n<p><strong>La Sociedad Boliviana de M\u00fasica de C\u00e1mara<\/strong><\/p>\n\n\n\n<p>La Sociedad Boliviana de M\u00fasica de C\u00e1mara (SBMC) fue fundada en 2014 por j\u00f3venes m\u00fasicos bolivianos y brasile\u00f1os para ofrecer espect\u00e1culos de m\u00fasica de c\u00e1mara del m\u00e1s alto nivel e introducir formatos de concierto innovadores a la escena art\u00edstica boliviana. Estos conciertos son interpretados principalmente por bolivianos residentes en el extranjero, acompa\u00f1ados por m\u00fasicos invitados internacionales. En agosto de 2015, Bolivia Cl\u00e1sica present\u00f3 una serie de conciertos en La Paz y El Alto como parte de una nueva colaboraci\u00f3n entre ambas organizaciones, combinando m\u00fasicos, ideas y recursos para presentar programas ambiciosos en todo el pa\u00eds.<\/p>\n\n\n\n<p><a href=\"https:\/\/www.facebook.com\/lasociedad.bo\">https:\/\/www.facebook.com\/lasociedad.bo<\/a><\/p>\n<\/div><\/div>\n\n\n\n<div class=\"wp-block-media-text is-stacked-on-mobile\"><figure class=\"wp-block-media-text__media\"><img decoding=\"async\" src=\"https:\/\/boliviaclasica.com\/wp-content\/uploads\/2025\/12\/Samaipata-temporal-para-alcaldia-1024x1024.jpg\" alt=\"\" class=\"wp-image-6780 size-full\"\/><\/figure><div class=\"wp-block-media-text__content\">\n<p><strong>Alcald\u00eda de Samaipata<\/strong><\/p>\n<\/div><\/div>\n\n\n\n<div class=\"wp-block-media-text is-stacked-on-mobile\"><figure class=\"wp-block-media-text__media\"><img decoding=\"async\" src=\"https:\/\/boliviaclasica.com\/wp-content\/uploads\/2025\/09\/IMG_20200129_110536-1024x769.jpg\" alt=\"\" class=\"wp-image-5594 size-full\"\/><\/figure><div class=\"wp-block-media-text__content\">\n<p><strong>Mi Telef\u00e9rico<\/strong><\/p>\n<\/div><\/div>\n\n\n\n<div class=\"wp-block-media-text is-stacked-on-mobile\"><figure class=\"wp-block-media-text__media\"><img decoding=\"async\" src=\"https:\/\/boliviaclasica.com\/wp-content\/uploads\/2025\/12\/Image-05-12-2025-at-17.33-1024x684.jpeg\" alt=\"\" class=\"wp-image-6330 size-full\"\/><\/figure><div class=\"wp-block-media-text__content\">\n<p><strong>MusAid<\/strong><\/p>\n\n\n\n<p class=\"has-black-color has-text-color has-link-color\"><br>MusAid es una organizaci\u00f3n 501(c)3 sin fines de lucro, registrada en EE. UU. y en Canad\u00e1, que proporciona a instituciones musicales en partes del mundo de escasos recursos profesores de m\u00fasica voluntarios e instrumentos y materiales donados. Trabajan en estrecha colaboraci\u00f3n con escuelas de m\u00fasica para determinar cu\u00e1les son sus necesidades espec\u00edficas y luego dise\u00f1ar un plan que conducir\u00e1 a la sostenibilidad a largo plazo de la escuela. La misi\u00f3n de MusAid es utilizar la m\u00fasica como una herramienta para la transformaci\u00f3n social brindando educaci\u00f3n musical de alta calidad a ni\u00f1os y j\u00f3venes en riesgo. MusAid don\u00f3 una cantidad de instrumentos de cuerda y viento para nuestro programa de capacitaci\u00f3n y su asociaci\u00f3n activa con Bolivia Cl\u00e1sica entr\u00f3 en vigor el 2016.<\/p>\n\n\n\n<p class=\"has-black-color has-text-color has-link-color\"><a href=\"http:\/\/www.musaid.org\">www.musaid.org<\/a><\/p>\n<\/div><\/div>\n","protected":false},"excerpt":{"rendered":"<p>CAPI &#8211; Centro Acad\u00e9mico Pedag\u00f3gico Integral En 2023 Bolivia Cl\u00e1sica y CAPI combinan esfuerzos para fortalecer la oferta musical en Samaipata, a trav\u00e9s de actividades pedag\u00f3gicas y festivales internacionales. Fruto de un encuentro entre Ana-Maria Vera y M\u00f3nica y Liliana Navia, esta alianza ha lanzado talleres para ni\u00f1os, programas de formaci\u00f3n musical, la donaci\u00f3n de [&hellip;]<\/p>\n","protected":false},"author":2,"featured_media":0,"parent":5162,"menu_order":5,"comment_status":"closed","ping_status":"closed","template":"boxed.php","meta":{"_acf_changed":false,"give_campaign_id":0,"myguten_meta_block_field":"","footnotes":""},"categories":[],"tags":[],"class_list":["post-587","page","type-page","status-publish","hentry"],"acf":[],"campaignId":"","_links":{"self":[{"href":"https:\/\/boliviaclasica.com\/es\/wp-json\/wp\/v2\/pages\/587","targetHints":{"allow":["GET"]}}],"collection":[{"href":"https:\/\/boliviaclasica.com\/es\/wp-json\/wp\/v2\/pages"}],"about":[{"href":"https:\/\/boliviaclasica.com\/es\/wp-json\/wp\/v2\/types\/page"}],"author":[{"embeddable":true,"href":"https:\/\/boliviaclasica.com\/es\/wp-json\/wp\/v2\/users\/2"}],"replies":[{"embeddable":true,"href":"https:\/\/boliviaclasica.com\/es\/wp-json\/wp\/v2\/comments?post=587"}],"version-history":[{"count":1,"href":"https:\/\/boliviaclasica.com\/es\/wp-json\/wp\/v2\/pages\/587\/revisions"}],"predecessor-version":[{"id":8601,"href":"https:\/\/boliviaclasica.com\/es\/wp-json\/wp\/v2\/pages\/587\/revisions\/8601"}],"up":[{"embeddable":true,"href":"https:\/\/boliviaclasica.com\/es\/wp-json\/wp\/v2\/pages\/5162"}],"wp:attachment":[{"href":"https:\/\/boliviaclasica.com\/es\/wp-json\/wp\/v2\/media?parent=587"}],"wp:term":[{"taxonomy":"category","embeddable":true,"href":"https:\/\/boliviaclasica.com\/es\/wp-json\/wp\/v2\/categories?post=587"},{"taxonomy":"post_tag","embeddable":true,"href":"https:\/\/boliviaclasica.com\/es\/wp-json\/wp\/v2\/tags?post=587"}],"curies":[{"name":"wp","href":"https:\/\/api.w.org\/{rel}","templated":true}]}}