{"id":5482,"date":"2025-12-23T09:45:00","date_gmt":"2025-12-23T09:45:00","guid":{"rendered":"https:\/\/bc.mewmedia.com\/?page_id=5482"},"modified":"2026-01-13T17:54:26","modified_gmt":"2026-01-13T17:54:26","slug":"case-studies","status":"publish","type":"page","link":"https:\/\/boliviaclasica.com\/es\/case-studies\/","title":{"rendered":"Historias"},"content":{"rendered":"\n<p><strong>FERNANDA GUTIERREZ<\/strong><\/p>\n\n\n\n<figure class=\"wp-block-image size-large\"><img decoding=\"async\" src=\"https:\/\/bc.mewmedia.com\/wp-content\/uploads\/2025\/08\/E2BD22DE-D114-4D0D-9894-DF833B33AB1D-1024x683.jpeg\" alt=\"\" class=\"wp-image-5272\"\/><\/figure>\n\n\n\n<p>Fernanda se uni\u00f3 al programa de m\u00fasica de la Fundaci\u00f3n Bolivia Cl\u00e1sica a los seis a\u00f1os. Descubrimos en ella una extraordinaria capacidad para captar y procesar informaci\u00f3n con una rapidez que nos dejaba at\u00f3nitos. Como nuestra misi\u00f3n en Bolivia Cl\u00e1sica es identificar y apoyar el talento art\u00edstico boliviano, Fernanda recibi\u00f3 una beca completa para estudiar viol\u00edn y piano, adem\u00e1s de participar en un taller de teatro semanal. Fue all\u00ed donde pudimos descubrir su notable talento para la actuaci\u00f3n, lo que posteriormente nos impuls\u00f3 a proponerla para el papel principal en CIELO, una producci\u00f3n cinematogr\u00e1fica brit\u00e1nico-boliviana. No solo consigui\u00f3 el papel, sino que desde entonces ha recibido elogios internacionales por su actuaci\u00f3n. Fernanda tambi\u00e9n es acad\u00e9micamente sobresaliente, curiosa y trabajadora. A pesar de haber saltado un grado en su escuela local, segu\u00eda sin sentirse desafiada, lo que impuls\u00f3 a Bolivia Cl\u00e1sica a recaudar fondos para que pudiera ingresar al Colegio Franco-Boliviano en 2024. Un a\u00f1o despu\u00e9s, ya hab\u00eda aprendido franc\u00e9s y era la mejor de su clase.<\/p>\n\n\n\n<p><strong>MARCO PEREZ<\/strong><\/p>\n\n\n\n<figure class=\"wp-block-image size-large\"><img decoding=\"async\" src=\"https:\/\/bc.mewmedia.com\/wp-content\/uploads\/2026\/01\/Perfil-2-resized-809x1024.jpg\" alt=\"\" class=\"wp-image-7414\"\/><\/figure>\n\n\n\n<p>Marco se uni\u00f3 a Bolivia Cl\u00e1sica a los trece a\u00f1os, cuando comenz\u00f3 a trabajar intensivamente con la pianista Ana Mar\u00eda Vera durante m\u00e1s de un a\u00f1o. Altamente motivado y talentoso, tanto musical como acad\u00e9micamente, continu\u00f3 involucrado en las actividades de Bolivia Cl\u00e1sica durante los a\u00f1os siguientes, interpretando m\u00fasica de c\u00e1mara, como solista con la Orquesta de C\u00e1mara de Bolivia Cl\u00e1sica, y mucho m\u00e1s. En 2015 y 2016, nominado por Bolivia Cl\u00e1sica, Marco fue invitado con una beca a los cursos de verano Hamptons Music Sessions e International Music Sessions en Nueva York. Cuando se hizo evidente que su talento excepcional requer\u00eda que se mudara al extranjero a largo plazo, Bolivia Cl\u00e1sica le apoy\u00f3 a consolidar una beca completa para estudiar en la Royal Academy of Music de Londres, donde Marco y su compa\u00f1ero exalumno de Bolivia Cl\u00e1sica, Gabriel Bilbao, fueron los primeros m\u00fasicos bolivianos en ser aceptados como estudiantes de pregrado. Marco actualmente reside en Londres, donde desarrolla su carrera art\u00edstica y planea realizar una maestr\u00eda enfocada en la investigaci\u00f3n de la m\u00fasica boliviana. Se ha convertido en parte integral del equipo de liderazgo de Bolivia Cl\u00e1sica, aportando perspectivas \u00fanicas y valiosas al proceso de desarrollo.<\/p>\n\n\n\n<p><strong>GABRIEL BILBAO<\/strong><\/p>\n\n\n\n<figure class=\"wp-block-image size-large\"><img decoding=\"async\" src=\"https:\/\/bc.mewmedia.com\/wp-content\/uploads\/2025\/12\/PHOTO-2025-12-09-13-57-24-1024x683.jpg\" alt=\"\" class=\"wp-image-6512\"\/><\/figure>\n\n\n\n<p>Gabriel se uni\u00f3 a Bolivia Cl\u00e1sica a los 14 a\u00f1os como alumno de Armando Vera. Se hab\u00eda mudado de Tarija a El Alto y se uni\u00f3 a un \u00e9xodo de j\u00f3venes violinistas en busca de una mejor formaci\u00f3n, viajando a la sede de Bolivia Cl\u00e1sica en La Paz varias veces por semana para acceder a la mejor formaci\u00f3n disponible. Trabaj\u00f3 en estrecha colaboraci\u00f3n con m\u00fasicos como Katharine Gowers y Jaime Laredo, y se convirti\u00f3 en parte integral de la orquesta juvenil de Bolivia Cl\u00e1sica. Animado a aspirar a lo m\u00e1s alto, fue el primer m\u00fasico boliviano en ser aceptado en la academia de verano del Festival de Verbier y, pocos a\u00f1os despu\u00e9s, en la Royal Academy of Music de Londres, donde Bolivia Cl\u00e1sica le apoy\u00f3 a consolidar una beca completa, lo que le permiti\u00f3 aprovechar esta enorme oportunidad. Desde entonces, obtuvo su maestr\u00eda y emprendi\u00f3 una intensa carrera como m\u00fasico de c\u00e1mara y orquesta, actuando con la Orquesta Filarm\u00f3nica de Londres, la Orquesta Sinf\u00f3nica de la Ciudad de Birmingham, la Royal Northern Sinfonia, la Orquesta Sinf\u00f3nica de Bournemouth y la Orquesta de la Royal Opera House. Gabriel tambi\u00e9n est\u00e1 muy involucrado en actividades de divulgaci\u00f3n, asesorando a m\u00fasicos bolivianos m\u00e1s j\u00f3venes y ense\u00f1\u00e1ndoles en l\u00ednea, con resultados fant\u00e1sticos.<\/p>\n\n\n\n<p><strong>LUCAS VISCARRA<\/strong><\/p>\n\n\n\n<figure class=\"wp-block-image size-large\"><img decoding=\"async\" src=\"https:\/\/bc.mewmedia.com\/wp-content\/uploads\/2025\/12\/Lucas-J.-V.-Wilde_HEM_202303\u00a9CaroleParodi_web-7428-1-1-740x1024.jpeg\" alt=\"\" class=\"wp-image-6725\"\/><\/figure>\n\n\n\n<p>Mientras Ana-Mar\u00eda Vera viv\u00eda en La Paz y lanzaba Bolivia Cl\u00e1sica, Lucas Viscarra, de 12 a\u00f1os, llam\u00f3 su atenci\u00f3n como un talento musical excepcional que hab\u00eda superado con creces a sus maestros locales. Inmediatamente se incorpor\u00f3 al grupo, donde pudo trabajar en estrecha colaboraci\u00f3n con clarinetistas invitados como Camila Barrientos y Matthew Hunt, y ofreci\u00f3 actuaciones memorables en varios Festivales de Bolivia Cl\u00e1sica, tanto como miembro de su orquesta de c\u00e1mara como solista. A medida que Lucas crec\u00eda, contactamos con amigos y colegas en Europa, incluyendo al reconocido clarinetista franc\u00e9s Patrick Messina, quien acept\u00f3 incondicionalmente a Lucas como su alumno y lo recomend\u00f3 para una beca completa en la \u00c9cole Normale de Musique de Paris. Tras graduarse con honores, Lucas estudi\u00f3 con Romain Guyot y Antonie Marguier en la Haute Ecole de Musique de Gen\u00e8ve, donde obtuvo su Maestr\u00eda en Interpretaci\u00f3n Orquestal. Lucas ha continuado creciendo en su trayectoria, participando en numerosos festivales internacionales como solista, como miembro de la Orquesta del Festival de Schleswig-Holstein y recientemente recibi\u00f3 un codiciado puesto de clarinete solista en la Orquesta Filarm\u00f3nica Danesa.<\/p>\n\n\n\n<p><strong>ANDRES MOSTAJO<\/strong><\/p>\n\n\n\n<figure class=\"wp-block-image size-large\"><img decoding=\"async\" src=\"https:\/\/bc.mewmedia.com\/wp-content\/uploads\/2025\/12\/PHOTO-2025-11-07-17-58-15-768x1024.jpg\" alt=\"\" class=\"wp-image-6728\"\/><\/figure>\n\n\n\n<p>Andr\u00e9s fue aceptado en el programa de m\u00fasica Bolivia Cl\u00e1sica en 2013, donde form\u00f3 parte de la orquesta de c\u00e1mara y recibi\u00f3 clases de Alexander Lapich. Tuvo la oportunidad de trabajar estrechamente con los numerosos y maravillosos artistas y directores invitados que viajaron a Bolivia a lo largo de los a\u00f1os, demostrando una gran promesa y dedicaci\u00f3n. Posteriormente, con el apoyo de Bolivia Cl\u00e1sica y gracias a una beca completa otorgada por Iberacademy, continu\u00f3 su formaci\u00f3n en la Universidad EAFIT de Medell\u00edn bajo la direcci\u00f3n del maestro Santiago Medina. Durante su estancia en Colombia, se uni\u00f3 a la Orquesta Iberacademy, con la que particip\u00f3 en diversas giras y presentaciones en reconocidos teatros de Austria, Suiza, Liechtenstein y Estados Unidos. Andr\u00e9s fue invitado a participar en talleres y presentaciones de la New World Symphony en Miami en dos ocasiones. Ha actuado en pa\u00edses como Chile y M\u00e9xico, ampliando su experiencia art\u00edstica internacional, y recibi\u00f3 formaci\u00f3n pedag\u00f3gica de Iberacademy junto al reconocido violinista Guillaume Pasch. Andr\u00e9s tambi\u00e9n ha realizado una importante labor docente como resultado directo de la asociaci\u00f3n entre Bolivia Cl\u00e1sica e Iberacademy, trabajando con estudiantes de m\u00fasica y proyectos en toda Bolivia.<\/p>\n\n\n\n<p><strong>CARLOS LAZARTE<\/strong><\/p>\n\n\n\n<figure class=\"wp-block-image size-large\"><img decoding=\"async\" src=\"https:\/\/bc.mewmedia.com\/wp-content\/uploads\/2025\/12\/PHOTO-2025-10-15-11-28-28-768x1024.jpg\" alt=\"\" class=\"wp-image-6864\"\/><\/figure>\n\n\n\n<p>Descubrimos a Carlos cuando visitamos el programa social de m\u00fasica Clave Sol por primera vez en 2011. Su talento natural era evidente, al igual que su necesidad de una mejor ense\u00f1anza. Por ello, Carlos ha sido miembro de Bolivia Cl\u00e1sica desde sus inicios, incorpor\u00e1ndose a nuestro programa de cuarteto de cuerdas en 2012 y tomando clases con profesores invitados como Eric Hosler, Katharine Gowers, Marie-Fran\u00e7oise-Pallot, Thomas Gould y muchos otros a lo largo de los a\u00f1os, adem\u00e1s de estudiar con Alexander Lapich, Armando Vera y Gabriel Bilbao. Todo esto ha llevado a Carlos a convertirse en uno de los violinistas m\u00e1s destacados y, m\u00e1s recientemente, a ser aceptado para estudiar con Arisa Fujita en el Conservatorio Real de La Haya, Pa\u00edses Bajos. La Fundaci\u00f3n Bolivia Cl\u00e1sica recaud\u00f3 los fondos para hacerlo posible, y estamos muy orgullosos de ver a Carlos en su elemento y prosperando.<\/p>\n\n\n<div class=\"wp-block-image\">\n<figure class=\"alignleft size-large\"><img decoding=\"async\" src=\"https:\/\/bc.mewmedia.com\/wp-content\/uploads\/2025\/12\/IMG_1713-2-1024x575.jpg\" alt=\"\" class=\"wp-image-6173\"\/><\/figure>\n<\/div>\n\n\n<p class=\"has-small-font-size\">Carlos and Kathy Gowers in El Alto in 2011.<\/p>\n","protected":false},"excerpt":{"rendered":"<p>FERNANDA GUTIERREZ Fernanda se uni\u00f3 al programa de m\u00fasica de la Fundaci\u00f3n Bolivia Cl\u00e1sica a los seis a\u00f1os. Descubrimos en ella una extraordinaria capacidad para captar y procesar informaci\u00f3n con una rapidez que nos dejaba at\u00f3nitos. Como nuestra misi\u00f3n en Bolivia Cl\u00e1sica es identificar y apoyar el talento art\u00edstico boliviano, Fernanda recibi\u00f3 una beca completa [&hellip;]<\/p>\n","protected":false},"author":4,"featured_media":8539,"parent":0,"menu_order":0,"comment_status":"closed","ping_status":"closed","template":"","meta":{"_acf_changed":false,"give_campaign_id":0,"myguten_meta_block_field":"","footnotes":""},"categories":[19],"tags":[],"class_list":["post-5482","page","type-page","status-publish","has-post-thumbnail","hentry","category-scholarship"],"acf":[],"campaignId":"","_links":{"self":[{"href":"https:\/\/boliviaclasica.com\/es\/wp-json\/wp\/v2\/pages\/5482","targetHints":{"allow":["GET"]}}],"collection":[{"href":"https:\/\/boliviaclasica.com\/es\/wp-json\/wp\/v2\/pages"}],"about":[{"href":"https:\/\/boliviaclasica.com\/es\/wp-json\/wp\/v2\/types\/page"}],"author":[{"embeddable":true,"href":"https:\/\/boliviaclasica.com\/es\/wp-json\/wp\/v2\/users\/4"}],"replies":[{"embeddable":true,"href":"https:\/\/boliviaclasica.com\/es\/wp-json\/wp\/v2\/comments?post=5482"}],"version-history":[{"count":10,"href":"https:\/\/boliviaclasica.com\/es\/wp-json\/wp\/v2\/pages\/5482\/revisions"}],"predecessor-version":[{"id":8877,"href":"https:\/\/boliviaclasica.com\/es\/wp-json\/wp\/v2\/pages\/5482\/revisions\/8877"}],"wp:featuredmedia":[{"embeddable":true,"href":"https:\/\/boliviaclasica.com\/es\/wp-json\/wp\/v2\/media\/8539"}],"wp:attachment":[{"href":"https:\/\/boliviaclasica.com\/es\/wp-json\/wp\/v2\/media?parent=5482"}],"wp:term":[{"taxonomy":"category","embeddable":true,"href":"https:\/\/boliviaclasica.com\/es\/wp-json\/wp\/v2\/categories?post=5482"},{"taxonomy":"post_tag","embeddable":true,"href":"https:\/\/boliviaclasica.com\/es\/wp-json\/wp\/v2\/tags?post=5482"}],"curies":[{"name":"wp","href":"https:\/\/api.w.org\/{rel}","templated":true}]}}