{"id":5231,"date":"2025-06-18T09:47:11","date_gmt":"2025-06-18T09:47:11","guid":{"rendered":"https:\/\/bc.mewmedia.com\/?page_id=5231"},"modified":"2026-01-09T07:12:30","modified_gmt":"2026-01-09T07:12:30","slug":"scholarships","status":"publish","type":"page","link":"https:\/\/boliviaclasica.com\/es\/projects\/scholarships\/","title":{"rendered":"Becas"},"content":{"rendered":"\n<p>La misi\u00f3n de Bolivia Cl\u00e1sica es asegurar que ning\u00fan talento se quede atr\u00e1s, y al traer a m\u00fasicos y pedagogos de primer nivel de todo el mundo para trabajar con nuestros estudiantes y profesores, muchos de ellos han cursado estudios superiores y se han convertido en profesionales de \u00e9xito en el mundo. Para garantizar esto, participamos activamente en la obtenci\u00f3n de becas, estableciendo relaciones directas con instituciones y profesores de primer nivel a nivel mundial, as\u00ed como en la recaudaci\u00f3n de fondos caso por caso.<\/p>\n\n\n\n<p>Los artistas que hemos apoyado se est\u00e1n convirtiendo en importantes modelos a seguir para la pr\u00f3xima generaci\u00f3n, as\u00ed como en mentores y l\u00edderes por derecho propio. Establecer una cultura de solidaridad ha sido un elemento crucial para sentar las bases de la sostenibilidad de nuestro proyecto, y muchos de nuestros exalumnos participan activamente en la gesti\u00f3n de la fundaci\u00f3n, organizando y participando en eventos de recaudaci\u00f3n de fondos y festivales, y, por supuesto, ense\u00f1ando y guiando a los estudiantes m\u00e1s j\u00f3venes, tanto de forma virtual como presencial.<\/p>\n\n\n\n<figure class=\"wp-block-image size-large\"><img decoding=\"async\" src=\"https:\/\/bc.mewmedia.com\/wp-content\/uploads\/2025\/09\/Graduacio\u0301n-1-11-7-23-scaled-e1756904524125-1024x828.jpg\" alt=\"\" class=\"wp-image-5524\"\/><\/figure>\n\n\n\n<p class=\"has-small-font-size\">El violinista Gabriel Bilbao obtuvo su licenciatura y maestr\u00eda en la Royal Academy of Music de Londres, donde le ofrecieron una beca completa con el apoyo de Bolivia Cl\u00e1sica.<\/p>\n","protected":false},"excerpt":{"rendered":"<p>La misi\u00f3n de Bolivia Cl\u00e1sica es asegurar que ning\u00fan talento se quede atr\u00e1s, y al traer a m\u00fasicos y pedagogos de primer nivel de todo el mundo para trabajar con nuestros estudiantes y profesores, muchos de ellos han cursado estudios superiores y se han convertido en profesionales de \u00e9xito en el mundo. Para garantizar esto, [&hellip;]<\/p>\n","protected":false},"author":5,"featured_media":8534,"parent":5091,"menu_order":0,"comment_status":"closed","ping_status":"closed","template":"","meta":{"_acf_changed":false,"give_campaign_id":0,"myguten_meta_block_field":"","footnotes":""},"categories":[18,19],"tags":[],"class_list":["post-5231","page","type-page","status-publish","has-post-thumbnail","hentry","category-box2","category-scholarship"],"acf":[],"campaignId":"","_links":{"self":[{"href":"https:\/\/boliviaclasica.com\/es\/wp-json\/wp\/v2\/pages\/5231","targetHints":{"allow":["GET"]}}],"collection":[{"href":"https:\/\/boliviaclasica.com\/es\/wp-json\/wp\/v2\/pages"}],"about":[{"href":"https:\/\/boliviaclasica.com\/es\/wp-json\/wp\/v2\/types\/page"}],"author":[{"embeddable":true,"href":"https:\/\/boliviaclasica.com\/es\/wp-json\/wp\/v2\/users\/5"}],"replies":[{"embeddable":true,"href":"https:\/\/boliviaclasica.com\/es\/wp-json\/wp\/v2\/comments?post=5231"}],"version-history":[{"count":7,"href":"https:\/\/boliviaclasica.com\/es\/wp-json\/wp\/v2\/pages\/5231\/revisions"}],"predecessor-version":[{"id":8716,"href":"https:\/\/boliviaclasica.com\/es\/wp-json\/wp\/v2\/pages\/5231\/revisions\/8716"}],"up":[{"embeddable":true,"href":"https:\/\/boliviaclasica.com\/es\/wp-json\/wp\/v2\/pages\/5091"}],"wp:featuredmedia":[{"embeddable":true,"href":"https:\/\/boliviaclasica.com\/es\/wp-json\/wp\/v2\/media\/8534"}],"wp:attachment":[{"href":"https:\/\/boliviaclasica.com\/es\/wp-json\/wp\/v2\/media?parent=5231"}],"wp:term":[{"taxonomy":"category","embeddable":true,"href":"https:\/\/boliviaclasica.com\/es\/wp-json\/wp\/v2\/categories?post=5231"},{"taxonomy":"post_tag","embeddable":true,"href":"https:\/\/boliviaclasica.com\/es\/wp-json\/wp\/v2\/tags?post=5231"}],"curies":[{"name":"wp","href":"https:\/\/api.w.org\/{rel}","templated":true}]}}