{"id":5228,"date":"2025-12-07T09:42:00","date_gmt":"2025-12-07T09:42:00","guid":{"rendered":"https:\/\/bc.mewmedia.com\/?page_id=5228"},"modified":"2026-01-26T17:53:04","modified_gmt":"2026-01-26T17:53:04","slug":"workshops-and-master-classes","status":"publish","type":"page","link":"https:\/\/boliviaclasica.com\/es\/projects\/workshops-and-master-classes\/","title":{"rendered":"Talleres y clases magistrales"},"content":{"rendered":"\n<p>A lo largo de los a\u00f1os hemos tra\u00eddo profesores de instrumento, lutieres, cantantes, especialistas en iniciaci\u00f3n musical, compositores e incluso actores a Bolivia para ofrecer clases magistrales y talleres de formaci\u00f3n para profesores. Como muchos han viajado grandes distancias y el trabajo es intensivo, se quedan por varias semanas, a veces meses a la vez. Este trabajo ha provisto el trabajo preliminar para una consulta en curso y entrenamiento a trav\u00e9s de sesiones en l\u00ednea.<\/p>\n\n\n\n<p>Paul Desenne, Mimi Zweig, Katharine Gowers, Francisco Vila, Marie-Fran\u00e7oise Pallot, Lyda Chen-Argerich, Eric Hosler, Willem Stam y Michel Strauss est\u00e1n entre aquellos que han contribuido generosamente a este esfuerzo.<\/p>\n\n\n\n<figure class=\"wp-block-image\"><img decoding=\"async\" src=\"https:\/\/boliviaclasica.com\/wp-content\/uploads\/2025\/09\/AB0AB8AE-7B63-4A06-B46D-B30A0C4492E6-e1756999335843-1024x621.jpg\" alt=\"\" class=\"wp-image-5622\"\/><\/figure>\n\n\n\n<p class=\"has-small-font-size\">Violinista Americano Eric Hosler ense\u00f1ando cuartetos en El Alto.<\/p>\n\n\n\n<figure class=\"wp-block-image\"><img decoding=\"async\" src=\"https:\/\/boliviaclasica.com\/wp-content\/uploads\/2025\/12\/DSC8652-1024x678.jpg\" alt=\"\" class=\"wp-image-6196\"\/><\/figure>\n\n\n\n<p class=\"has-small-font-size\">Compositor y chelista Venezolano-Americano Paul Desenne durante un taller de capacitaci\u00f3n para profesores en La Paz.<\/p>\n\n\n\n<figure class=\"wp-block-image\"><img decoding=\"async\" src=\"https:\/\/boliviaclasica.com\/wp-content\/uploads\/2025\/12\/IMG_0092-1024x768.jpg\" alt=\"\" class=\"wp-image-6207\"\/><\/figure>\n\n\n\n<p class=\"has-small-font-size\">Soprano Americana Sara Hershkowitz dando una clase magistral en La Paz.<\/p>\n\n\n\n<figure class=\"wp-block-image\"><img decoding=\"async\" src=\"https:\/\/boliviaclasica.com\/wp-content\/uploads\/2025\/12\/IMG_0098-1024x768.jpg\" alt=\"\" class=\"wp-image-6208\"\/><\/figure>\n\n\n\n<figure class=\"wp-block-image\"><img decoding=\"async\" src=\"https:\/\/boliviaclasica.com\/wp-content\/uploads\/2025\/09\/48BA0D78-E50E-4ED5-AA99-29561444C2A2-683x1024.jpeg\" alt=\"\" class=\"wp-image-5618\"\/><\/figure>\n\n\n\n<p class=\"has-small-font-size\">Violinista Marie-Francoise Palloty violinista Lyda Chen Argerich durante una sesi\u00f3n con una estudiante joven en La Paz.<\/p>\n\n\n\n<figure class=\"wp-block-image\"><img decoding=\"async\" src=\"https:\/\/boliviaclasica.com\/wp-content\/uploads\/2025\/12\/IMG_1261-1024x768.jpeg\" alt=\"\" class=\"wp-image-6349\"\/><\/figure>\n\n\n\n<p class=\"has-small-font-size\">Talleres del actor Boliviano-Brasilero Fernando Arze con los m\u00fasicos de la Orquesta de C\u00e1mara Bolivia Cl\u00e1sica en Samaipata.<\/p>\n\n\n\n<p>Las clases en l\u00ednea son una gran parte de lo que hacemos y, gracias a la generosa red de m\u00fasicos alrededor del mundo, los estudiantes pueden acceder a fuentes invaluables de conocimiento e inspiraci\u00f3n.<\/p>\n\n\n\n<figure class=\"wp-block-image\"><img decoding=\"async\" src=\"https:\/\/boliviaclasica.com\/wp-content\/uploads\/2025\/12\/Screenshot-2021-05-13-at-16.34.20-1024x626.png\" alt=\"\" class=\"wp-image-6215\"\/><\/figure>\n\n\n\n<p class=\"has-small-font-size\">Chelista franc\u00e9s Michel Strauss ense\u00f1ando desde el Conservatorio de Par\u00eds durante el aislamiento.<\/p>\n\n\n\n<figure class=\"wp-block-image\"><img decoding=\"async\" src=\"https:\/\/boliviaclasica.com\/wp-content\/uploads\/2025\/11\/45F6BBEC-ADA0-4E4A-A99C-834D2ED805F2_1_105_c-1024x322.jpeg\" alt=\"\" class=\"wp-image-6042\"\/><\/figure>\n\n\n\n<p class=\"has-small-font-size\">Contrabajista brit\u00e1nico Jonny Gee ense\u00f1ando a Violeta Mallea desde Londres, asistido por su profesor Viktor D\u00edaz.<\/p>\n\n\n\n<figure class=\"wp-block-image size-large\"><img loading=\"lazy\" decoding=\"async\" width=\"1024\" height=\"599\" src=\"https:\/\/boliviaclasica.com\/wp-content\/uploads\/2026\/01\/WhatsApp-Image-2024-07-12-at-11.56.31-e1769449747898-1024x599.jpeg\" alt=\"\" class=\"wp-image-8934\" srcset=\"https:\/\/boliviaclasica.com\/wp-content\/uploads\/2026\/01\/WhatsApp-Image-2024-07-12-at-11.56.31-e1769449747898-1024x599.jpeg 1024w, https:\/\/boliviaclasica.com\/wp-content\/uploads\/2026\/01\/WhatsApp-Image-2024-07-12-at-11.56.31-e1769449747898-300x176.jpeg 300w, https:\/\/boliviaclasica.com\/wp-content\/uploads\/2026\/01\/WhatsApp-Image-2024-07-12-at-11.56.31-e1769449747898-768x449.jpeg 768w, https:\/\/boliviaclasica.com\/wp-content\/uploads\/2026\/01\/WhatsApp-Image-2024-07-12-at-11.56.31-e1769449747898-1536x899.jpeg 1536w, https:\/\/boliviaclasica.com\/wp-content\/uploads\/2026\/01\/WhatsApp-Image-2024-07-12-at-11.56.31-e1769449747898.jpeg 1600w\" sizes=\"auto, (max-width: 1024px) 100vw, 1024px\" \/><\/figure>\n\n\n\n<p class=\"has-small-font-size\">El violista paraguayo Paulo Alonso trabajando con Isa\u00ed Vargas<\/p>\n\n\n\n<figure class=\"wp-block-image size-large\"><img decoding=\"async\" src=\"https:\/\/boliviaclasica.com\/wp-content\/uploads\/2015\/09\/Skype-Lessons-1-1024x341.jpg\" alt=\"\" class=\"wp-image-2227\"\/><\/figure>\n\n\n\n<p class=\"has-small-font-size\">La violista norteamericana Jennifer Stumm trabajando con Jaime Kaiser.<\/p>\n\n\n\n<p><em>Aqu\u00ed estamos trabajando con chicos que no tienen un antecedente muy afortunado. Esto me ha hecho pensar sobre mi propia vida, mi propio camino de una manera en la que nunca he pensado antes. Cualquiera viniendo a trabajar con Bolivia Cl\u00e1sica se marchar\u00e1 con un sentido diferente de qui\u00e9nes son. No es impulsado por dinero ni por status; se trata puramente de crear una futura generaci\u00f3n de m\u00fasicos bolivianos.<\/em>                                                                                                                                                         &#8211; Alana Bennett, chelista americana<br><\/p>\n","protected":false},"excerpt":{"rendered":"<p>A lo largo de los a\u00f1os hemos tra\u00eddo profesores de instrumento, lutieres, cantantes, especialistas en iniciaci\u00f3n musical, compositores e incluso actores a Bolivia para ofrecer clases magistrales y talleres de formaci\u00f3n para profesores. Como muchos han viajado grandes distancias y el trabajo es intensivo, se quedan por varias semanas, a veces meses a la vez. [&hellip;]<\/p>\n","protected":false},"author":5,"featured_media":8153,"parent":5091,"menu_order":0,"comment_status":"closed","ping_status":"closed","template":"","meta":{"_acf_changed":false,"give_campaign_id":0,"myguten_meta_block_field":"","footnotes":""},"categories":[17,14,9],"tags":[],"class_list":["post-5228","page","type-page","status-publish","has-post-thumbnail","hentry","category-box4","category-project","category-workshops-and-master-classes"],"acf":[],"campaignId":"","_links":{"self":[{"href":"https:\/\/boliviaclasica.com\/es\/wp-json\/wp\/v2\/pages\/5228","targetHints":{"allow":["GET"]}}],"collection":[{"href":"https:\/\/boliviaclasica.com\/es\/wp-json\/wp\/v2\/pages"}],"about":[{"href":"https:\/\/boliviaclasica.com\/es\/wp-json\/wp\/v2\/types\/page"}],"author":[{"embeddable":true,"href":"https:\/\/boliviaclasica.com\/es\/wp-json\/wp\/v2\/users\/5"}],"replies":[{"embeddable":true,"href":"https:\/\/boliviaclasica.com\/es\/wp-json\/wp\/v2\/comments?post=5228"}],"version-history":[{"count":11,"href":"https:\/\/boliviaclasica.com\/es\/wp-json\/wp\/v2\/pages\/5228\/revisions"}],"predecessor-version":[{"id":8945,"href":"https:\/\/boliviaclasica.com\/es\/wp-json\/wp\/v2\/pages\/5228\/revisions\/8945"}],"up":[{"embeddable":true,"href":"https:\/\/boliviaclasica.com\/es\/wp-json\/wp\/v2\/pages\/5091"}],"wp:featuredmedia":[{"embeddable":true,"href":"https:\/\/boliviaclasica.com\/es\/wp-json\/wp\/v2\/media\/8153"}],"wp:attachment":[{"href":"https:\/\/boliviaclasica.com\/es\/wp-json\/wp\/v2\/media?parent=5228"}],"wp:term":[{"taxonomy":"category","embeddable":true,"href":"https:\/\/boliviaclasica.com\/es\/wp-json\/wp\/v2\/categories?post=5228"},{"taxonomy":"post_tag","embeddable":true,"href":"https:\/\/boliviaclasica.com\/es\/wp-json\/wp\/v2\/tags?post=5228"}],"curies":[{"name":"wp","href":"https:\/\/api.w.org\/{rel}","templated":true}]}}