{"id":5162,"date":"2025-04-14T08:31:41","date_gmt":"2025-04-14T08:31:41","guid":{"rendered":"https:\/\/bc.mewmedia.com\/?page_id=5162"},"modified":"2026-01-25T18:13:42","modified_gmt":"2026-01-25T18:13:42","slug":"about","status":"publish","type":"page","link":"https:\/\/boliviaclasica.com\/es\/about\/","title":{"rendered":"Sobre Nosotros"},"content":{"rendered":"\n<p>Bolivia Cl\u00e1sica es una fundaci\u00f3n sin fines de lucro que empodera a j\u00f3venes de toda procedencia a trav\u00e9s de una educaci\u00f3n art\u00edstica transformadora. Forjamos alianzas con artistas de talla mundial y organizaciones alrededor del mundo, y organizamos festivales de artes esc\u00e9nicas que celebran la excelencia y fomentan una comunidad cultural pr\u00f3spera en Bolivia y m\u00e1s all\u00e1.<br><br>Bolivia Cl\u00e1sica ha creado un inventario de cientos de instrumentos, incluido un flamante piano de cola, que facilita el acceso tanto a numerosos estudiantes como a m\u00fasicos visitantes. Docenas de artistas invitados de todo el mundo han viajado a Bolivia a lo largo de los a\u00f1os para ofrecer conciertos y clases magistrales, estableciendo lazos profundos con estudiantes y profesores locales, y permitiendo que toda una generaci\u00f3n de j\u00f3venes talentos brillen con luz propia. La Orquesta de C\u00e1mara Bolivia Cl\u00e1sica, creada y dirigida por Armando Vera, representa el mejor ejemplo del talento boliviano unido en la b\u00fasqueda de la excelencia.<\/p>\n\n\n\n<p>El equipo local de trabajo musical y administrativo constituye el coraz\u00f3n de las operaciones de Bolivia Cl\u00e1sica; su dedicaci\u00f3n y liderazgo en el \u00e1mbito art\u00edstico han sido invaluables y contin\u00faan evolucionando. A medida que crecemos, tambi\u00e9n se ampl\u00eda nuestro alcance: adem\u00e1s de enfocarnos en la ense\u00f1anza individual, Bolivia Cl\u00e1sica ha incorporado programas orquestales donde el aprendizaje se realiza de manera colectiva, creando un terreno f\u00e9rtil para que surjan nuevos talentos que, de otro modo, podr\u00edan permanecer ocultos. Al dar prioridad al trabajo colaborativo, logramos aportar un valor a\u00f1adido a los proyectos sociales y educativos que han buscado nuestro apoyo.<\/p>\n\n\n\n<p>Hemos formado una red diversa y en constante expansi\u00f3n de colaboradores y aliados profesionales, con una organizaci\u00f3n 501(c)(3) dedicada en Estados Unidos, una entidad ben\u00e9fica registrada en el Reino Unido y la Fundaci\u00f3n Bolivia Cl\u00e1sica en Bolivia. Los esfuerzos de recaudaci\u00f3n de fondos han generado un apoyo sin precedentes tanto del sector p\u00fablico como del privado, con la mayor\u00eda de los fondos obtenidos dentro del pa\u00eds. Siempre agradecidos por la generosidad de nuestros patrocinadores, seguimos buscando nuevas maneras de garantizar la sostenibilidad a largo plazo.<\/p>\n\n\n\n<figure class=\"wp-block-image size-large\"><img decoding=\"async\" src=\"https:\/\/bc.mewmedia.com\/wp-content\/uploads\/2025\/09\/Foto-Poster-Eduardo-Quintanilla-1-1024x614.jpg\" alt=\"\" class=\"wp-image-5569\"\/><\/figure>\n\n\n\n<p class=\"has-small-font-size\">Nuestra orquesta juvenil insignia se ha convertido en un ejemplo de lo que es posible lograr si se cuentan con las herramientas y oportunidades necesarias.<\/p>\n\n\n\n<h2 class=\"wp-block-heading\">Nuestra filosof\u00eda<\/h2>\n\n\n\n<p><strong>\u2013 Impartir Valores:<\/strong> El aprendizaje musical ofrece una oportunidad \u00fanica para conectar valores clave con la creatividad, la pasi\u00f3n y la emoci\u00f3n. Numerosos estudios han demostrado que la educaci\u00f3n musical fomenta la disciplina, la autoestima, el trabajo en equipo, la responsabilidad, la creatividad y el deseo de superaci\u00f3n. La b\u00fasqueda de la excelencia musical construye una base s\u00f3lida para la integridad y una fuerte \u00e9tica de trabajo, enfatizando el <em>hacer<\/em> sobre el <em>tener<\/em> y el <em>ser<\/em> sobre el <em>parecer<\/em>. La formaci\u00f3n musical tambi\u00e9n cultiva actitudes sanas e inteligentes, influyendo positivamente en todos los dem\u00e1s aspectos de la vida.<\/p>\n\n\n\n<p><strong>\u2013 Despertar Pasi\u00f3n:<\/strong> Es imperativo expandir la cultura en una sociedad porque esta es un alimento espiritual e intelectual y debemos poder inculcar un amor por las artes en todos los estratos sociales. Sin sus centros culturales, sitios de reuni\u00f3n o congregaci\u00f3n, las ciudades son entidades muertas. Hoy en d\u00eda, muchas naciones consideran la cultura como un derecho humano. Al lograr excelencia en un lenguaje particular, apreciamos m\u00e1s todos los dem\u00e1s lenguajes y culturas. Despertar la pasi\u00f3n se logra cuando los ni\u00f1os o los j\u00f3venes observan el resultado de su progreso individual y descubren su facultad de aprender y entender.<\/p>\n\n\n\n<p><strong>\u2013 Cultivar Talento:<\/strong> Nuestros ni\u00f1os tienen el derecho a desarrollarse al m\u00e1ximo de su potencial sin l\u00edmites, ya sea art\u00edsticamente, socialmente, personalmente o culturalmente. Es as\u00ed que a trav\u00e9s de la excelencia podemos generar un impacto no solamente social, preservando la infancia y la juventud del ocio sin direcci\u00f3n, sino tambi\u00e9n art\u00edstico. El est\u00edmulo del talento individual prov\u00e9e gu\u00eda e inspiraci\u00f3n para el grupo entero, ayudando a mejorar el trabajo de todos.<\/p>\n\n\n\n<p><strong>&#8211; Reciprocidad: <\/strong>Los exalumnos de Bolivia Cl\u00e1sica se encuentran ahora repartidos por diversas partes del mundo, forjando con \u00e9xito sus propias trayectorias profesionales y por ende convirti\u00e9ndose en importantes modelos a seguir. La mayor\u00eda ya ha regresado a Bolivia para presentarse y ense\u00f1ar; mientras muchos apoyan a los estudiantes actuales mediante la ense\u00f1anza en l\u00ednea y, a su vez, los patrocinan de diversas maneras, preparando el camino para las pr\u00f3ximas generaciones.<\/p>\n","protected":false},"excerpt":{"rendered":"<p>Bolivia Cl\u00e1sica is a Bolivian non-profit organization whose objective is the promotion, formation and diffusion of classical music repertoire in all of its genres, variety and diversity; and of Bolivian music in any of its manifestations.<\/p>\n","protected":false},"author":4,"featured_media":8275,"parent":0,"menu_order":0,"comment_status":"closed","ping_status":"closed","template":"","meta":{"_acf_changed":false,"give_campaign_id":0,"myguten_meta_block_field":"","footnotes":""},"categories":[10],"tags":[],"class_list":["post-5162","page","type-page","status-publish","has-post-thumbnail","hentry","category-info"],"acf":[],"campaignId":"","_links":{"self":[{"href":"https:\/\/boliviaclasica.com\/es\/wp-json\/wp\/v2\/pages\/5162","targetHints":{"allow":["GET"]}}],"collection":[{"href":"https:\/\/boliviaclasica.com\/es\/wp-json\/wp\/v2\/pages"}],"about":[{"href":"https:\/\/boliviaclasica.com\/es\/wp-json\/wp\/v2\/types\/page"}],"author":[{"embeddable":true,"href":"https:\/\/boliviaclasica.com\/es\/wp-json\/wp\/v2\/users\/4"}],"replies":[{"embeddable":true,"href":"https:\/\/boliviaclasica.com\/es\/wp-json\/wp\/v2\/comments?post=5162"}],"version-history":[{"count":15,"href":"https:\/\/boliviaclasica.com\/es\/wp-json\/wp\/v2\/pages\/5162\/revisions"}],"predecessor-version":[{"id":8922,"href":"https:\/\/boliviaclasica.com\/es\/wp-json\/wp\/v2\/pages\/5162\/revisions\/8922"}],"wp:featuredmedia":[{"embeddable":true,"href":"https:\/\/boliviaclasica.com\/es\/wp-json\/wp\/v2\/media\/8275"}],"wp:attachment":[{"href":"https:\/\/boliviaclasica.com\/es\/wp-json\/wp\/v2\/media?parent=5162"}],"wp:term":[{"taxonomy":"category","embeddable":true,"href":"https:\/\/boliviaclasica.com\/es\/wp-json\/wp\/v2\/categories?post=5162"},{"taxonomy":"post_tag","embeddable":true,"href":"https:\/\/boliviaclasica.com\/es\/wp-json\/wp\/v2\/tags?post=5162"}],"curies":[{"name":"wp","href":"https:\/\/api.w.org\/{rel}","templated":true}]}}