{"id":5113,"date":"2025-04-03T05:30:14","date_gmt":"2025-04-03T05:30:14","guid":{"rendered":"https:\/\/bc.mewmedia.com\/?page_id=5113"},"modified":"2026-01-25T18:04:55","modified_gmt":"2026-01-25T18:04:55","slug":"nurturing-talent-from-the-heart-of-bolvia","status":"publish","type":"page","link":"https:\/\/boliviaclasica.com\/es\/","title":{"rendered":"Fomentando talento desde el coraz\u00f3n de Bolivia"},"content":{"rendered":"\n<h2 class=\"wp-block-heading\">Bolivia Cl\u00e1sica es una fundaci\u00f3n sin fines de lucro que empodera a j\u00f3venes bolivianos mediante una educaci\u00f3n art\u00edstica transformativa.<\/h2>\n\n\n\n<p>Forjamos alianzas con artistas y organizaciones de clase mundial y producimos festivales de artes esc\u00e9nicas que celebran la excelencia y fomentan una comunidad cultural vibrante en Bolivia y m\u00e1s all\u00e1.<br><br>So\u00f1amos con un futuro din\u00e1mico e inclusivo donde cada joven boliviano desarrolle su potencial creativo, se conecte con el mundo y construya una sociedad m\u00e1s rica y humana a trav\u00e9s del arte.<\/p>\n\n\n\n<p><\/p>\n","protected":false},"excerpt":{"rendered":"<p>Bolivia Cl\u00e1sica es una fundaci\u00f3n sin fines de lucro que empodera a j\u00f3venes bolivianos mediante una educaci\u00f3n art\u00edstica transformativa. Forjamos alianzas con artistas y organizaciones de clase mundial y producimos festivales de artes esc\u00e9nicas que celebran la excelencia y fomentan una comunidad cultural vibrante en Bolivia y m\u00e1s all\u00e1. So\u00f1amos con un futuro din\u00e1mico e [&hellip;]<\/p>\n","protected":false},"author":2,"featured_media":0,"parent":0,"menu_order":0,"comment_status":"closed","ping_status":"closed","template":"frontpage.php","meta":{"_acf_changed":false,"give_campaign_id":0,"myguten_meta_block_field":"","footnotes":""},"categories":[],"tags":[],"class_list":["post-5113","page","type-page","status-publish","hentry"],"acf":[],"campaignId":"","_links":{"self":[{"href":"https:\/\/boliviaclasica.com\/es\/wp-json\/wp\/v2\/pages\/5113","targetHints":{"allow":["GET"]}}],"collection":[{"href":"https:\/\/boliviaclasica.com\/es\/wp-json\/wp\/v2\/pages"}],"about":[{"href":"https:\/\/boliviaclasica.com\/es\/wp-json\/wp\/v2\/types\/page"}],"author":[{"embeddable":true,"href":"https:\/\/boliviaclasica.com\/es\/wp-json\/wp\/v2\/users\/2"}],"replies":[{"embeddable":true,"href":"https:\/\/boliviaclasica.com\/es\/wp-json\/wp\/v2\/comments?post=5113"}],"version-history":[{"count":8,"href":"https:\/\/boliviaclasica.com\/es\/wp-json\/wp\/v2\/pages\/5113\/revisions"}],"predecessor-version":[{"id":8919,"href":"https:\/\/boliviaclasica.com\/es\/wp-json\/wp\/v2\/pages\/5113\/revisions\/8919"}],"wp:attachment":[{"href":"https:\/\/boliviaclasica.com\/es\/wp-json\/wp\/v2\/media?parent=5113"}],"wp:term":[{"taxonomy":"category","embeddable":true,"href":"https:\/\/boliviaclasica.com\/es\/wp-json\/wp\/v2\/categories?post=5113"},{"taxonomy":"post_tag","embeddable":true,"href":"https:\/\/boliviaclasica.com\/es\/wp-json\/wp\/v2\/tags?post=5113"}],"curies":[{"name":"wp","href":"https:\/\/api.w.org\/{rel}","templated":true}]}}