{"id":5095,"date":"2025-03-31T02:24:02","date_gmt":"2025-03-31T02:24:02","guid":{"rendered":"https:\/\/bc.mewmedia.com\/?page_id=5095"},"modified":"2026-01-26T18:17:20","modified_gmt":"2026-01-26T18:17:20","slug":"our-story","status":"publish","type":"page","link":"https:\/\/boliviaclasica.com\/es\/about\/our-story\/","title":{"rendered":"Nuestra Historia"},"content":{"rendered":"\n<p>En 2011, Ana-Maria y Armando Vera, hermanos boliviano-estadounidenses, unieron fuerzas en respuesta a los j\u00f3venes m\u00fasicos bolivianos que aspiraban a una educaci\u00f3n musical de mayor calidad en su pa\u00eds natal.<\/p>\n\n\n\n<p>Armando, quien llevaba casi veinte a\u00f1os ense\u00f1ando viol\u00edn y entrenando orquestas juveniles en Bolivia, era muy consciente del talento expresivo de los j\u00f3venes, pero tambi\u00e9n sent\u00eda frustraci\u00f3n ante las limitaciones y la falta de recursos en las instituciones locales. Ana-Maria, concertista internacional radicada en Londres, comprendi\u00f3 que podr\u00eda estar en una posici\u00f3n \u00fanica para ayudar. Traslad\u00f3 a su familia a La Paz para crear una plataforma innovadora que permitiera a sus colegas alrededor del mundo venir a Bolivia, compartir sus conocimientos y experiencia con el abundante talento local y descubrir las maravillas de su patria paterna.<\/p>\n\n\n\n<p>Bolivia Cl\u00e1sica ha sido un movimiento de base desde sus inicios, impulsado por la firme determinaci\u00f3n de las j\u00f3venes generaciones por liberarse de las limitaciones de su entorno. El equipo ha enfrentado numerosos desaf\u00edos a lo largo de este camino, pero estos se han visto ampliamente compensados por los logros de los estudiantes y la creaci\u00f3n de una familia art\u00edstica en constante expansi\u00f3n. <\/p>\n\n\n\n<p>Verdadera obra de amor, Bolivia Cl\u00e1sica naci\u00f3 para celebrar y enaltecer la rica y diversa cultura de Bolivia y sus numerosos talentos art\u00edsticos. Por ello, hemos volcado nuestras energ\u00edas en tender puentes entre Bolivia y el resto del mundo.<\/p>\n\n\n\n<figure class=\"wp-block-image size-large is-resized\"><img decoding=\"async\" src=\"https:\/\/bc.mewmedia.com\/wp-content\/uploads\/2025\/09\/IMG_0107-1024x683.jpg\" alt=\"\" class=\"wp-image-5560\" style=\"width:527px;height:auto\"\/><\/figure>\n\n\n\n<p class=\"has-small-font-size\">Con el violinista Jaime Laredo y chelista Sharon Robinson (izquierda) durante el Festival Bolivia Clasica 2014. Este festival marc\u00f3 un legendario retorno retorno de Jaime Laredo, un violinista de renombre internacional de ascendencia boliviana.<\/p>\n\n\n\n<figure class=\"wp-block-image size-full is-resized\"><img decoding=\"async\" src=\"https:\/\/bc.mewmedia.com\/wp-content\/uploads\/2026\/01\/FEA531B4-B65D-4005-A31E-03D2C47E6731.jpg\" alt=\"\" class=\"wp-image-7211\" style=\"width:531px;height:auto\"\/><\/figure>\n\n\n\n<p class=\"has-small-font-size\">Equipo de ensue\u00f1o: la chelista Valeria Escalera, los violinistas Eric Hosler y Samuel Burgoa unieron fuerzas con Armando Vera para poner en marcha el programa de cuartetos a principios de 2012.<\/p>\n\n\n\n<figure class=\"wp-block-image size-large is-resized\"><img decoding=\"async\" src=\"https:\/\/bc.mewmedia.com\/wp-content\/uploads\/2026\/01\/IMG_7043-1-1024x768.jpg\" alt=\"\" class=\"wp-image-7204\" style=\"width:530px;height:auto\"\/><\/figure>\n\n\n\n<p class=\"has-small-font-size\">Valeria, detr\u00e1s de escena en la Canciller\u00eda con Lucas y Alfonso.<\/p>\n\n\n\n<figure class=\"wp-block-image size-large is-resized\"><img decoding=\"async\" src=\"https:\/\/bc.mewmedia.com\/wp-content\/uploads\/2026\/01\/IMG_7063-1024x768.jpg\" alt=\"\" class=\"wp-image-7203\" style=\"width:530px;height:auto\"\/><\/figure>\n\n\n\n<p class=\"has-small-font-size\">Samuel Burgoa con Jennifer Stumm en los primeros a\u00f1os de Bolivia Cl\u00e1sica.<\/p>\n\n\n\n<figure class=\"wp-block-video\"><video controls src=\"https:\/\/bc.mewmedia.com\/wp-content\/uploads\/2026\/01\/BC-quartet-early-days.mov\"><\/video><\/figure>\n\n\n\n<p class=\"has-small-font-size\">Primer cuarteto Bolivia Cl\u00e1sica en la Cinemateca Boliviana, nuestra sede durante varios a\u00f1os.<\/p>\n\n\n\n<figure class=\"wp-block-image size-large is-resized\"><img decoding=\"async\" src=\"https:\/\/bc.mewmedia.com\/wp-content\/uploads\/2025\/09\/DSC2158-1-1024x678.jpg\" alt=\"\" class=\"wp-image-5548\" style=\"width:527px;height:auto\"\/><\/figure>\n\n\n\n<p class=\"has-small-font-size\">Armando y Ana Mar\u00eda acompa\u00f1ando a Cergio Prudencio y Alberto Villalpando, dos de los compositores m\u00e1s c\u00e9lebres de Bolivia, tras el estreno del concierto para piano de Villalpando en diciembre de 2015.<\/p>\n","protected":false},"excerpt":{"rendered":"<p>En 2011, Ana-Maria y Armando Vera, hermanos boliviano-estadounidenses, unieron fuerzas en respuesta a los j\u00f3venes m\u00fasicos bolivianos que aspiraban a una educaci\u00f3n musical de mayor calidad en su pa\u00eds natal. Armando, quien llevaba casi veinte a\u00f1os ense\u00f1ando viol\u00edn y entrenando orquestas juveniles en Bolivia, era muy consciente del talento expresivo de los j\u00f3venes, pero tambi\u00e9n [&hellip;]<\/p>\n","protected":false},"author":2,"featured_media":8289,"parent":5162,"menu_order":0,"comment_status":"closed","ping_status":"closed","template":"","meta":{"_acf_changed":false,"give_campaign_id":0,"myguten_meta_block_field":"","footnotes":""},"categories":[16,10],"tags":[],"class_list":["post-5095","page","type-page","status-publish","has-post-thumbnail","hentry","category-box1","category-info"],"acf":[],"campaignId":"","_links":{"self":[{"href":"https:\/\/boliviaclasica.com\/es\/wp-json\/wp\/v2\/pages\/5095","targetHints":{"allow":["GET"]}}],"collection":[{"href":"https:\/\/boliviaclasica.com\/es\/wp-json\/wp\/v2\/pages"}],"about":[{"href":"https:\/\/boliviaclasica.com\/es\/wp-json\/wp\/v2\/types\/page"}],"author":[{"embeddable":true,"href":"https:\/\/boliviaclasica.com\/es\/wp-json\/wp\/v2\/users\/2"}],"replies":[{"embeddable":true,"href":"https:\/\/boliviaclasica.com\/es\/wp-json\/wp\/v2\/comments?post=5095"}],"version-history":[{"count":16,"href":"https:\/\/boliviaclasica.com\/es\/wp-json\/wp\/v2\/pages\/5095\/revisions"}],"predecessor-version":[{"id":8951,"href":"https:\/\/boliviaclasica.com\/es\/wp-json\/wp\/v2\/pages\/5095\/revisions\/8951"}],"up":[{"embeddable":true,"href":"https:\/\/boliviaclasica.com\/es\/wp-json\/wp\/v2\/pages\/5162"}],"wp:featuredmedia":[{"embeddable":true,"href":"https:\/\/boliviaclasica.com\/es\/wp-json\/wp\/v2\/media\/8289"}],"wp:attachment":[{"href":"https:\/\/boliviaclasica.com\/es\/wp-json\/wp\/v2\/media?parent=5095"}],"wp:term":[{"taxonomy":"category","embeddable":true,"href":"https:\/\/boliviaclasica.com\/es\/wp-json\/wp\/v2\/categories?post=5095"},{"taxonomy":"post_tag","embeddable":true,"href":"https:\/\/boliviaclasica.com\/es\/wp-json\/wp\/v2\/tags?post=5095"}],"curies":[{"name":"wp","href":"https:\/\/api.w.org\/{rel}","templated":true}]}}