{"id":5093,"date":"2025-03-31T02:23:18","date_gmt":"2025-03-31T02:23:18","guid":{"rendered":"https:\/\/bc.mewmedia.com\/?page_id=5093"},"modified":"2026-01-11T11:52:04","modified_gmt":"2026-01-11T11:52:04","slug":"media","status":"publish","type":"page","link":"https:\/\/boliviaclasica.com\/es\/media\/","title":{"rendered":"Medios"},"content":{"rendered":"\n<figure class=\"wp-block-embed is-type-video is-provider-youtube wp-block-embed-youtube wp-embed-aspect-16-9 wp-has-aspect-ratio\"><div class=\"wp-block-embed__wrapper\">\n<iframe loading=\"lazy\" title=\"Primeros Compases\" width=\"1140\" height=\"641\" src=\"https:\/\/www.youtube.com\/embed\/19YK5_rpj0o?feature=oembed\" frameborder=\"0\" allow=\"accelerometer; autoplay; clipboard-write; encrypted-media; gyroscope; picture-in-picture; web-share\" referrerpolicy=\"strict-origin-when-cross-origin\" allowfullscreen><\/iframe>\n<\/div><\/figure>\n\n\n\n<p class=\"has-small-font-size\"><em>Primeros Compases<\/em>, un documental de 45 minutos sobre el nacimiento de Bolivia Cl\u00e1sica, dirigido por John Dunton-Downer.<\/p>\n\n\n\n<figure class=\"wp-block-embed is-type-video is-provider-youtube wp-block-embed-youtube wp-embed-aspect-16-9 wp-has-aspect-ratio\"><div class=\"wp-block-embed__wrapper\">\n<iframe loading=\"lazy\" title=\"Bolivia Clasica 2014 HD\" width=\"1140\" height=\"641\" src=\"https:\/\/www.youtube.com\/embed\/_V_bXWPuSWk?feature=oembed\" frameborder=\"0\" allow=\"accelerometer; autoplay; clipboard-write; encrypted-media; gyroscope; picture-in-picture; web-share\" referrerpolicy=\"strict-origin-when-cross-origin\" allowfullscreen><\/iframe>\n<\/div><\/figure>\n\n\n\n<p class=\"has-small-font-size\">Un v\u00eddeo promocional de 2014.<\/p>\n\n\n\n<figure class=\"wp-block-embed is-type-video is-provider-youtube wp-block-embed-youtube wp-embed-aspect-16-9 wp-has-aspect-ratio\"><div class=\"wp-block-embed__wrapper\">\n<iframe loading=\"lazy\" title=\"Caroline Shaw &#039;Valencia&#039; in Bolivia\" width=\"1140\" height=\"641\" src=\"https:\/\/www.youtube.com\/embed\/P2IjlAY6k1o?feature=oembed\" frameborder=\"0\" allow=\"accelerometer; autoplay; clipboard-write; encrypted-media; gyroscope; picture-in-picture; web-share\" referrerpolicy=\"strict-origin-when-cross-origin\" allowfullscreen><\/iframe>\n<\/div><\/figure>\n\n\n\n<p class=\"has-small-font-size\">Jennifer Stumm fue la impulsora de este estreno boliviano de una pieza para cuarteto de la compositora estadounidense Caroline Shaw.<\/p>\n\n\n\n<figure class=\"wp-block-embed is-type-video is-provider-youtube wp-block-embed-youtube wp-embed-aspect-16-9 wp-has-aspect-ratio\"><div class=\"wp-block-embed__wrapper\">\n<iframe loading=\"lazy\" title=\"Dmitri Shostakovich - Concierto para piano, trompeta y orquesta - Primer movimiento\" width=\"1140\" height=\"641\" src=\"https:\/\/www.youtube.com\/embed\/rrbDTSf9jgQ?feature=oembed\" frameborder=\"0\" allow=\"accelerometer; autoplay; clipboard-write; encrypted-media; gyroscope; picture-in-picture; web-share\" referrerpolicy=\"strict-origin-when-cross-origin\" allowfullscreen><\/iframe>\n<\/div><\/figure>\n\n\n\n<p class=\"has-small-font-size\">Nuestra colaboraci\u00f3n con la Sociedad Boliviana de M\u00fasica de C\u00e1mara dio lugar a memorables interpretaciones del Concierto para trompeta, piano y orquesta de cuerda de Shostakovich, con Bruno Lourensetto (trompeta), Sergio Escalera (piano) y Willem Stam dirigiendo la Orquesta de C\u00e1mara Bolivia Cl\u00e1sica.<\/p>\n\n\n\n<figure class=\"wp-block-embed is-type-video is-provider-youtube wp-block-embed-youtube wp-embed-aspect-16-9 wp-has-aspect-ratio\"><div class=\"wp-block-embed__wrapper\">\n<iframe loading=\"lazy\" title=\"El Vuelo al Pa\u00eds de Nunca Jam\u00e1s de \u201cHook\u201d de John Williams  (Arr. Juan Andr\u00e9s Palacios)\" width=\"1140\" height=\"641\" src=\"https:\/\/www.youtube.com\/embed\/DRmvQIX2PVk?feature=oembed\" frameborder=\"0\" allow=\"accelerometer; autoplay; clipboard-write; encrypted-media; gyroscope; picture-in-picture; web-share\" referrerpolicy=\"strict-origin-when-cross-origin\" allowfullscreen><\/iframe>\n<\/div><\/figure>\n\n\n\n<p class=\"has-small-font-size\">Armando Vera encarg\u00f3 numerosos arreglos para la orquesta de BC, ampliando continuamente el repertorio y desafiando a los j\u00f3venes m\u00fasicos, que se turnaban regularmente.<\/p>\n\n\n\n<figure class=\"wp-block-embed is-type-video is-provider-youtube wp-block-embed-youtube wp-embed-aspect-16-9 wp-has-aspect-ratio\"><div class=\"wp-block-embed__wrapper\">\n<iframe loading=\"lazy\" title=\"Tchaikovsky -  Serenata para Cuerdas  Op  48\" width=\"1140\" height=\"641\" src=\"https:\/\/www.youtube.com\/embed\/DwJZhdsAvvU?feature=oembed\" frameborder=\"0\" allow=\"accelerometer; autoplay; clipboard-write; encrypted-media; gyroscope; picture-in-picture; web-share\" referrerpolicy=\"strict-origin-when-cross-origin\" allowfullscreen><\/iframe>\n<\/div><\/figure>\n\n\n\n<h2 class=\"wp-block-heading\">Prensa<\/h2>\n\n\n\n<figure class=\"wp-block-image size-full\"><img decoding=\"async\" src=\"https:\/\/boliviaclasica.com\/wp-content\/uploads\/2025\/12\/Screenshot-2023-01-26-at-13.29.27-edited.png\" alt=\"\" class=\"wp-image-6223\"\/><\/figure>\n\n\n\n\n\n<figure class=\"wp-block-embed is-type-wp-embed is-provider-portal-verde wp-block-embed-portal-verde\"><div class=\"wp-block-embed__wrapper\">\n<blockquote class=\"wp-embedded-content\" data-secret=\"Tom1yfmuGz\"><a href=\"https:\/\/www.portalverde.com.bo\/takuapu-en-la-recta-final-la-musica-clasica-se-instala-en-samaipata\/\">TakuApu en la recta final, la m\u00fasica cl\u00e1sica se instala en Samaipata<\/a><\/blockquote><iframe loading=\"lazy\" class=\"wp-embedded-content\" sandbox=\"allow-scripts\" security=\"restricted\" style=\"position: absolute; visibility: hidden;\" title=\"\u00abTakuApu en la recta final, la m\u00fasica cl\u00e1sica se instala en Samaipata\u00bb \u2014 Portal Verde\" src=\"https:\/\/www.portalverde.com.bo\/takuapu-en-la-recta-final-la-musica-clasica-se-instala-en-samaipata\/embed\/#?secret=FoKaFHGNOH#?secret=Tom1yfmuGz\" data-secret=\"Tom1yfmuGz\" width=\"600\" height=\"338\" frameborder=\"0\" marginwidth=\"0\" marginheight=\"0\" scrolling=\"no\"><\/iframe>\n<\/div><\/figure>\n\n\n\n<p><a href=\"https:\/\/correodelsur.com\/cultura\/20160919\/bolivia-clasica-asombra-en-primera-visita-a-sucre.html?fbclid=IwY2xjawPJ8mZleHRuA2FlbQIxMABzcnRjBmFwcF9pZBAyMjIwMzkxNzg4MjAwODkyAAEe84ANpBAcyJxYoUY-iDT2ytn9KvMIkdcLpESzD46LCuQNe9hCBOcHn7fEQ2Y_aem_WGjhtjxFvv2BA-XaK8nXbw\">Correodelsur.com\/cultura\/Bolivia Clasica asombra en primera visita a Sucre<\/a><\/p>\n\n\n\n<p><a href=\"https:\/\/www.latinolife.co.uk\/articles\/bolivia-clasica\">https:\/\/www.latinolife.co.uk\/articles\/bolivia-clasica<\/a><\/p>\n\n\n\n<figure class=\"wp-block-embed is-type-wp-embed is-provider-portal-verde wp-block-embed-portal-verde\"><div class=\"wp-block-embed__wrapper\">\n<blockquote class=\"wp-embedded-content\" data-secret=\"ve4gfmf7I4\"><a href=\"https:\/\/www.portalverde.com.bo\/takuapu-el-festival-de-musica-clasica-y-teatro-que-reunira-a-28-artistas-en-samaipata\/\">TakuApu, el festival de m\u00fasica cl\u00e1sica y teatro que reunir\u00e1 a 28 artistas en Samaipata<\/a><\/blockquote><iframe loading=\"lazy\" class=\"wp-embedded-content\" sandbox=\"allow-scripts\" security=\"restricted\" style=\"position: absolute; visibility: hidden;\" title=\"\u00abTakuApu, el festival de m\u00fasica cl\u00e1sica y teatro que reunir\u00e1 a 28 artistas en Samaipata\u00bb \u2014 Portal Verde\" src=\"https:\/\/www.portalverde.com.bo\/takuapu-el-festival-de-musica-clasica-y-teatro-que-reunira-a-28-artistas-en-samaipata\/embed\/#?secret=NubiV942Vf#?secret=ve4gfmf7I4\" data-secret=\"ve4gfmf7I4\" width=\"600\" height=\"338\" frameborder=\"0\" marginwidth=\"0\" marginheight=\"0\" scrolling=\"no\"><\/iframe>\n<\/div><\/figure>\n\n\n\n<figure class=\"wp-block-embed is-type-wp-embed is-provider-portal-verde wp-block-embed-portal-verde\"><div class=\"wp-block-embed__wrapper\">\n<blockquote class=\"wp-embedded-content\" data-secret=\"vhe67uWgTY\"><a href=\"https:\/\/www.portalverde.com.bo\/el-teatro-sale-a-las-calles-de-samaipata-para-conectar-sus-mitos-y-leyendas-con-el-presente\/\">El teatro sale a las calles de Samaipata para conectar sus mitos y leyendas con el presente<\/a><\/blockquote><iframe loading=\"lazy\" class=\"wp-embedded-content\" sandbox=\"allow-scripts\" security=\"restricted\" style=\"position: absolute; visibility: hidden;\" title=\"\u00abEl teatro sale a las calles de Samaipata para conectar sus mitos y leyendas con el presente\u00bb \u2014 Portal Verde\" src=\"https:\/\/www.portalverde.com.bo\/el-teatro-sale-a-las-calles-de-samaipata-para-conectar-sus-mitos-y-leyendas-con-el-presente\/embed\/#?secret=ycAnngAhwL#?secret=vhe67uWgTY\" data-secret=\"vhe67uWgTY\" width=\"600\" height=\"338\" frameborder=\"0\" marginwidth=\"0\" marginheight=\"0\" scrolling=\"no\"><\/iframe>\n<\/div><\/figure>\n\n\n\n<figure class=\"wp-block-gallery has-nested-images columns-default is-cropped wp-block-gallery-1 is-layout-flex wp-block-gallery-is-layout-flex\">\n<figure class=\"wp-block-image size-large\"><img decoding=\"async\" data-id=\"7142\" src=\"https:\/\/boliviaclasica.com\/wp-content\/uploads\/2026\/01\/IMG_1599-768x1024.jpg\" alt=\"\" class=\"wp-image-7142\"\/><\/figure>\n\n\n\n<figure class=\"wp-block-image size-large\"><img decoding=\"async\" data-id=\"7144\" src=\"https:\/\/boliviaclasica.com\/wp-content\/uploads\/2026\/01\/IMG_1594-768x1024.jpg\" alt=\"\" class=\"wp-image-7144\"\/><\/figure>\n\n\n\n<figure class=\"wp-block-image size-large\"><img decoding=\"async\" data-id=\"7141\" src=\"https:\/\/boliviaclasica.com\/wp-content\/uploads\/2026\/01\/IMG_1603-768x1024.jpg\" alt=\"\" class=\"wp-image-7141\"\/><\/figure>\n\n\n\n<figure class=\"wp-block-image size-large\"><img decoding=\"async\" data-id=\"7145\" src=\"https:\/\/boliviaclasica.com\/wp-content\/uploads\/2026\/01\/IMG_1596-768x1024.jpg\" alt=\"\" class=\"wp-image-7145\"\/><\/figure>\n\n\n\n<figure class=\"wp-block-image size-large\"><img decoding=\"async\" data-id=\"7146\" src=\"https:\/\/boliviaclasica.com\/wp-content\/uploads\/2026\/01\/IMG_5895-768x1024.jpg\" alt=\"\" class=\"wp-image-7146\"\/><\/figure>\n\n\n\n<figure class=\"wp-block-image size-large\"><img decoding=\"async\" data-id=\"7147\" src=\"https:\/\/boliviaclasica.com\/wp-content\/uploads\/2026\/01\/IMG_5898-768x1024.jpg\" alt=\"\" class=\"wp-image-7147\"\/><\/figure>\n\n\n\n<figure class=\"wp-block-image size-large\"><img decoding=\"async\" data-id=\"7148\" src=\"https:\/\/boliviaclasica.com\/wp-content\/uploads\/2026\/01\/IMG_5900-1024x768.jpg\" alt=\"\" class=\"wp-image-7148\"\/><\/figure>\n\n\n\n<figure class=\"wp-block-image size-large\"><img decoding=\"async\" data-id=\"7149\" src=\"https:\/\/boliviaclasica.com\/wp-content\/uploads\/2026\/01\/903FA244-DFFA-484C-ADB2-C5BA9F376886-724x1024.jpg\" alt=\"\" class=\"wp-image-7149\"\/><\/figure>\n\n\n\n<figure class=\"wp-block-image size-large\"><img decoding=\"async\" data-id=\"7151\" src=\"https:\/\/boliviaclasica.com\/wp-content\/uploads\/2026\/01\/IMG_1600-1024x768.jpg\" alt=\"\" class=\"wp-image-7151\"\/><\/figure>\n\n\n\n<figure class=\"wp-block-image size-large\"><img decoding=\"async\" data-id=\"7152\" src=\"https:\/\/boliviaclasica.com\/wp-content\/uploads\/2026\/01\/IMG_1597-768x1024.jpg\" alt=\"\" class=\"wp-image-7152\"\/><\/figure>\n\n\n\n<figure class=\"wp-block-image size-large\"><img decoding=\"async\" data-id=\"7172\" src=\"https:\/\/boliviaclasica.com\/wp-content\/uploads\/2026\/01\/Image-06-01-2026-at-14.29.jpg\" alt=\"\" class=\"wp-image-7172\"\/><\/figure>\n<\/figure>\n","protected":false},"excerpt":{"rendered":"<p>Primeros Compases, un documental de 45 minutos sobre el nacimiento de Bolivia Cl\u00e1sica, dirigido por John Dunton-Downer. Un v\u00eddeo promocional de 2014. Jennifer Stumm fue la impulsora de este estreno boliviano de una pieza para cuarteto de la compositora estadounidense Caroline Shaw. Nuestra colaboraci\u00f3n con la Sociedad Boliviana de M\u00fasica de C\u00e1mara dio lugar a [&hellip;]<\/p>\n","protected":false},"author":2,"featured_media":0,"parent":0,"menu_order":0,"comment_status":"closed","ping_status":"closed","template":"","meta":{"_acf_changed":false,"give_campaign_id":0,"myguten_meta_block_field":"","footnotes":""},"categories":[4],"tags":[],"class_list":["post-5093","page","type-page","status-publish","hentry","category-media"],"acf":[],"campaignId":"","_links":{"self":[{"href":"https:\/\/boliviaclasica.com\/es\/wp-json\/wp\/v2\/pages\/5093","targetHints":{"allow":["GET"]}}],"collection":[{"href":"https:\/\/boliviaclasica.com\/es\/wp-json\/wp\/v2\/pages"}],"about":[{"href":"https:\/\/boliviaclasica.com\/es\/wp-json\/wp\/v2\/types\/page"}],"author":[{"embeddable":true,"href":"https:\/\/boliviaclasica.com\/es\/wp-json\/wp\/v2\/users\/2"}],"replies":[{"embeddable":true,"href":"https:\/\/boliviaclasica.com\/es\/wp-json\/wp\/v2\/comments?post=5093"}],"version-history":[{"count":20,"href":"https:\/\/boliviaclasica.com\/es\/wp-json\/wp\/v2\/pages\/5093\/revisions"}],"predecessor-version":[{"id":8819,"href":"https:\/\/boliviaclasica.com\/es\/wp-json\/wp\/v2\/pages\/5093\/revisions\/8819"}],"wp:attachment":[{"href":"https:\/\/boliviaclasica.com\/es\/wp-json\/wp\/v2\/media?parent=5093"}],"wp:term":[{"taxonomy":"category","embeddable":true,"href":"https:\/\/boliviaclasica.com\/es\/wp-json\/wp\/v2\/categories?post=5093"},{"taxonomy":"post_tag","embeddable":true,"href":"https:\/\/boliviaclasica.com\/es\/wp-json\/wp\/v2\/tags?post=5093"}],"curies":[{"name":"wp","href":"https:\/\/api.w.org\/{rel}","templated":true}]}}