{"id":49,"date":"2015-07-08T06:08:04","date_gmt":"2015-07-08T06:08:04","guid":{"rendered":"http:\/\/localhost\/wp_bolivia_clasica\/wp\/?page_id=49"},"modified":"2026-01-08T11:53:32","modified_gmt":"2026-01-08T11:53:32","slug":"cello","status":"publish","type":"page","link":"https:\/\/boliviaclasica.com\/es\/projects\/cello\/","title":{"rendered":"Orquestas Juveniles de Samaipata"},"content":{"rendered":"\n<p>Este proyecto, dedicado a los ni\u00f1os y j\u00f3venes del Municipio de Samaipata (zona rural del departamento de Santa Cruz, Bolivia), es un movimiento musical de orden sinf\u00f3nico, que busca generar entusiasmo y cohesi\u00f3n social en la comunidad y despertar nuevos talentos.<br><br>En 2024, para dar inicio al proyecto, organizamos un taller de m\u00fasica tradicional utilizando instrumentos aut\u00f3ctonos construidos en el sitio.<br><br>Actualmente se administra un programa de formaci\u00f3n orquestal en cuerdas (viol\u00edn, viola, chelo y contrabajo) para ni\u00f1os y adolescentes. Se trata de un proyecto a largo plazo que resultar\u00e1 en la creaci\u00f3n de una orquesta juvenil de primera.<br><br>Estos programas de ensamble son accesibles a estudiantes de todos los or\u00edgenes y est\u00e1n dirigidos por profesores sumamente especializados tanto en el trabajo grupal como individual.<br><br>Es en este contexto que Bolivia Cl\u00e1sica se ha aliado con CAPI &#8211; Centro Art\u00edstico Pedag\u00f3gico Integral y el Municipio de Samaipata, con la esperanza de implementar objetivos m\u00e1s exigentes en cuanto a resultados tangibles y profundidad de alcance en la educaci\u00f3n art\u00edstica.<\/p>\n\n\n\n<p><\/p>\n","protected":false},"excerpt":{"rendered":"<p>Este proyecto, dedicado a los ni\u00f1os y j\u00f3venes del Municipio de Samaipata (zona rural del departamento de Santa Cruz, Bolivia), es un movimiento musical de orden sinf\u00f3nico, que busca generar entusiasmo y cohesi\u00f3n social en la comunidad y despertar nuevos talentos. En 2024, para dar inicio al proyecto, organizamos un taller de m\u00fasica tradicional utilizando [&hellip;]<\/p>\n","protected":false},"author":2,"featured_media":8220,"parent":5091,"menu_order":4,"comment_status":"closed","ping_status":"open","template":"","meta":{"_acf_changed":false,"give_campaign_id":0,"myguten_meta_block_field":"","footnotes":""},"categories":[14],"tags":[],"class_list":["post-49","page","type-page","status-publish","has-post-thumbnail","hentry","category-project"],"acf":[],"campaignId":"","_links":{"self":[{"href":"https:\/\/boliviaclasica.com\/es\/wp-json\/wp\/v2\/pages\/49","targetHints":{"allow":["GET"]}}],"collection":[{"href":"https:\/\/boliviaclasica.com\/es\/wp-json\/wp\/v2\/pages"}],"about":[{"href":"https:\/\/boliviaclasica.com\/es\/wp-json\/wp\/v2\/types\/page"}],"author":[{"embeddable":true,"href":"https:\/\/boliviaclasica.com\/es\/wp-json\/wp\/v2\/users\/2"}],"replies":[{"embeddable":true,"href":"https:\/\/boliviaclasica.com\/es\/wp-json\/wp\/v2\/comments?post=49"}],"version-history":[{"count":1,"href":"https:\/\/boliviaclasica.com\/es\/wp-json\/wp\/v2\/pages\/49\/revisions"}],"predecessor-version":[{"id":8629,"href":"https:\/\/boliviaclasica.com\/es\/wp-json\/wp\/v2\/pages\/49\/revisions\/8629"}],"up":[{"embeddable":true,"href":"https:\/\/boliviaclasica.com\/es\/wp-json\/wp\/v2\/pages\/5091"}],"wp:featuredmedia":[{"embeddable":true,"href":"https:\/\/boliviaclasica.com\/es\/wp-json\/wp\/v2\/media\/8220"}],"wp:attachment":[{"href":"https:\/\/boliviaclasica.com\/es\/wp-json\/wp\/v2\/media?parent=49"}],"wp:term":[{"taxonomy":"category","embeddable":true,"href":"https:\/\/boliviaclasica.com\/es\/wp-json\/wp\/v2\/categories?post=49"},{"taxonomy":"post_tag","embeddable":true,"href":"https:\/\/boliviaclasica.com\/es\/wp-json\/wp\/v2\/tags?post=49"}],"curies":[{"name":"wp","href":"https:\/\/api.w.org\/{rel}","templated":true}]}}