{"id":47,"date":"2025-12-08T06:07:00","date_gmt":"2025-12-08T06:07:00","guid":{"rendered":"http:\/\/localhost\/wp_bolivia_clasica\/wp\/?page_id=47"},"modified":"2026-01-08T11:55:13","modified_gmt":"2026-01-08T11:55:13","slug":"viola","status":"publish","type":"page","link":"https:\/\/boliviaclasica.com\/es\/projects\/viola\/","title":{"rendered":"Clave Sol"},"content":{"rendered":"\n<p>Clave Sol es un programa orquestal juvenil de orden social que proporciona a nuestros alumnos las herramientas adecuadas para que se formen como m\u00fasicos, y encima que sean personas \u00edntegras, creativas y sensibles. Este programa &#8211; accesible a todos &#8211; inculca disciplina, valores y respeto sin importar el nivel de habilidad que tengan. Se ofrecen conciertos p\u00fablicos regularmente, una oportunidad esencial para motivar y desarrollar confianza en los ni\u00f1os y j\u00f3venes, y generar orgullo en las comunidades. Se cultiva una verdadera maestr\u00eda musical, sin ponerle l\u00edmites a la excelencia educativa bajo la excusa de una masificaci\u00f3n.<\/p>\n\n\n\n<p id=\"block-dc536d43-0dc5-45a8-81e1-c164e54e0f69\">Clave Sol forma parte de los talleres auspiciados por Banco Sol. Desde 2021, como parte de un convenio entre instituciones, los proyectos musicales en La Paz y El Alto son manejados por el equipo de profesores y administradores de Bolivia Cl\u00e1sica, y toman lugar en los espacios de Mi Teleferico y de la Alcald\u00eda de El Alto.<\/p>\n\n\n\n<figure class=\"wp-block-image\" id=\"block-a5d3897d-5919-47b8-9e67-c1faee767d87\"><img decoding=\"async\" src=\"https:\/\/boliviaclasica.com\/wp-content\/uploads\/2025\/11\/WhatsApp-Image-2025-11-10-at-17.41.53-1-1024x771.jpeg\" alt=\"This image has an empty alt attribute; its file name is WhatsApp-Image-2025-11-10-at-17.41.53-1-1024x771.jpeg\"\/><\/figure>\n\n\n\n<p class=\"has-small-font-size\">Conciertos de fin de a\u00f1o 2025 en El Alto, Bolivia.<\/p>\n\n\n\n<figure class=\"wp-block-image\" id=\"block-6596b201-f37f-4979-a72f-f731077eb9e4\"><img decoding=\"async\" src=\"https:\/\/boliviaclasica.com\/wp-content\/uploads\/2025\/11\/9D1BED63-F8DB-4FC6-99E9-9292591DB5D2-1024x771.jpeg\" alt=\"This image has an empty alt attribute; its file name is 9D1BED63-F8DB-4FC6-99E9-9292591DB5D2-1024x771.jpeg\"\/><\/figure>\n\n\n\n<figure class=\"wp-block-image size-large\"><img decoding=\"async\" src=\"https:\/\/boliviaclasica.com\/wp-content\/uploads\/2025\/09\/WhatsApp-Image-2024-04-21-at-12.01.07-1024x683.jpeg\" alt=\"\" class=\"wp-image-5590\"\/><\/figure>\n\n\n\n<p class=\"has-small-font-size\" id=\"block-7fdc4798-d16c-4b7e-97d3-617eac96f942\">Estudiantes seleccionados fueron invitados a participar en el Festival Barroco de Chiquitan\u00eda, en el departamento de Santa Cruz, Bolivia.<\/p>\n\n\n\n<p><\/p>\n","protected":false},"excerpt":{"rendered":"<p>Clave Sol es un programa orquestal juvenil de orden social que proporciona a nuestros alumnos las herramientas adecuadas para que se formen como m\u00fasicos, y encima que sean personas \u00edntegras, creativas y sensibles. Este programa &#8211; accesible a todos &#8211; inculca disciplina, valores y respeto sin importar el nivel de habilidad que tengan. Se ofrecen [&hellip;]<\/p>\n","protected":false},"author":2,"featured_media":8391,"parent":5091,"menu_order":3,"comment_status":"closed","ping_status":"open","template":"","meta":{"_acf_changed":false,"give_campaign_id":0,"myguten_meta_block_field":"","footnotes":""},"categories":[14],"tags":[],"class_list":["post-47","page","type-page","status-publish","has-post-thumbnail","hentry","category-project"],"acf":[],"campaignId":"","_links":{"self":[{"href":"https:\/\/boliviaclasica.com\/es\/wp-json\/wp\/v2\/pages\/47","targetHints":{"allow":["GET"]}}],"collection":[{"href":"https:\/\/boliviaclasica.com\/es\/wp-json\/wp\/v2\/pages"}],"about":[{"href":"https:\/\/boliviaclasica.com\/es\/wp-json\/wp\/v2\/types\/page"}],"author":[{"embeddable":true,"href":"https:\/\/boliviaclasica.com\/es\/wp-json\/wp\/v2\/users\/2"}],"replies":[{"embeddable":true,"href":"https:\/\/boliviaclasica.com\/es\/wp-json\/wp\/v2\/comments?post=47"}],"version-history":[{"count":1,"href":"https:\/\/boliviaclasica.com\/es\/wp-json\/wp\/v2\/pages\/47\/revisions"}],"predecessor-version":[{"id":8631,"href":"https:\/\/boliviaclasica.com\/es\/wp-json\/wp\/v2\/pages\/47\/revisions\/8631"}],"up":[{"embeddable":true,"href":"https:\/\/boliviaclasica.com\/es\/wp-json\/wp\/v2\/pages\/5091"}],"wp:featuredmedia":[{"embeddable":true,"href":"https:\/\/boliviaclasica.com\/es\/wp-json\/wp\/v2\/media\/8391"}],"wp:attachment":[{"href":"https:\/\/boliviaclasica.com\/es\/wp-json\/wp\/v2\/media?parent=47"}],"wp:term":[{"taxonomy":"category","embeddable":true,"href":"https:\/\/boliviaclasica.com\/es\/wp-json\/wp\/v2\/categories?post=47"},{"taxonomy":"post_tag","embeddable":true,"href":"https:\/\/boliviaclasica.com\/es\/wp-json\/wp\/v2\/tags?post=47"}],"curies":[{"name":"wp","href":"https:\/\/api.w.org\/{rel}","templated":true}]}}