{"id":45,"date":"2025-12-06T06:07:00","date_gmt":"2025-12-06T06:07:00","guid":{"rendered":"http:\/\/localhost\/wp_bolivia_clasica\/wp\/?page_id=45"},"modified":"2026-01-09T06:43:56","modified_gmt":"2026-01-09T06:43:56","slug":"festivals","status":"publish","type":"page","link":"https:\/\/boliviaclasica.com\/es\/projects\/festivals\/","title":{"rendered":"Festivales &#038; Conciertos"},"content":{"rendered":"\n<h2 class=\"wp-block-heading\">Los festivales de Bolivia Cl\u00e1sica se han realizado desde nuestro lanzamiento en 2011, creando una plataforma que une a destacados m\u00fasicos y artistas bolivianos e internacionales, celebrando tanto el repertorio universal como el paisaje y la cultura boliviana.<\/h2>\n\n\n\n<p>Construir puentes entre Bolivia y el mundo siempre ha sido una de nuestras principales prioridades. Las corrientes culturales cruzadas promueven la innovaci\u00f3n, el pensamiento cr\u00edtico y la inspiraci\u00f3n. Por ello, hemos invitado a m\u00fasicos de todo el mundo a interpretar, ense\u00f1ar y descubrir el talento boliviano.<\/p>\n\n\n\n<p>Estos encuentros han dado lugar a colaboraciones memorables con repercusi\u00f3n internacional. Los estudiantes de Bolivia Cl\u00e1sica han crecido expuestos a algunos de los mejores m\u00fasicos del mundo, mientras que nuestros artistas invitados han descubierto un pa\u00eds con una cultura rica, diversa y \u00fanica.<\/p>\n","protected":false},"excerpt":{"rendered":"<p>Los festivales de Bolivia Cl\u00e1sica se han realizado desde nuestro lanzamiento en 2011, creando una plataforma que une a destacados m\u00fasicos y artistas bolivianos e internacionales, celebrando tanto el repertorio universal como el paisaje y la cultura boliviana. Construir puentes entre Bolivia y el mundo siempre ha sido una de nuestras principales prioridades. Las corrientes [&hellip;]<\/p>\n","protected":false},"author":2,"featured_media":8304,"parent":5091,"menu_order":2,"comment_status":"closed","ping_status":"closed","template":"festivals.php","meta":{"_acf_changed":false,"give_campaign_id":0,"myguten_meta_block_field":"","footnotes":""},"categories":[13,14],"tags":[],"class_list":["post-45","page","type-page","status-publish","has-post-thumbnail","hentry","category-box3","category-project"],"acf":[],"campaignId":"","_links":{"self":[{"href":"https:\/\/boliviaclasica.com\/es\/wp-json\/wp\/v2\/pages\/45","targetHints":{"allow":["GET"]}}],"collection":[{"href":"https:\/\/boliviaclasica.com\/es\/wp-json\/wp\/v2\/pages"}],"about":[{"href":"https:\/\/boliviaclasica.com\/es\/wp-json\/wp\/v2\/types\/page"}],"author":[{"embeddable":true,"href":"https:\/\/boliviaclasica.com\/es\/wp-json\/wp\/v2\/users\/2"}],"replies":[{"embeddable":true,"href":"https:\/\/boliviaclasica.com\/es\/wp-json\/wp\/v2\/comments?post=45"}],"version-history":[{"count":3,"href":"https:\/\/boliviaclasica.com\/es\/wp-json\/wp\/v2\/pages\/45\/revisions"}],"predecessor-version":[{"id":8708,"href":"https:\/\/boliviaclasica.com\/es\/wp-json\/wp\/v2\/pages\/45\/revisions\/8708"}],"up":[{"embeddable":true,"href":"https:\/\/boliviaclasica.com\/es\/wp-json\/wp\/v2\/pages\/5091"}],"wp:featuredmedia":[{"embeddable":true,"href":"https:\/\/boliviaclasica.com\/es\/wp-json\/wp\/v2\/media\/8304"}],"wp:attachment":[{"href":"https:\/\/boliviaclasica.com\/es\/wp-json\/wp\/v2\/media?parent=45"}],"wp:term":[{"taxonomy":"category","embeddable":true,"href":"https:\/\/boliviaclasica.com\/es\/wp-json\/wp\/v2\/categories?post=45"},{"taxonomy":"post_tag","embeddable":true,"href":"https:\/\/boliviaclasica.com\/es\/wp-json\/wp\/v2\/tags?post=45"}],"curies":[{"name":"wp","href":"https:\/\/api.w.org\/{rel}","templated":true}]}}