{"id":41,"date":"2015-07-08T06:05:20","date_gmt":"2015-07-08T06:05:20","guid":{"rendered":"http:\/\/localhost\/wp_bolivia_clasica\/wp\/?page_id=41"},"modified":"2026-01-27T18:03:35","modified_gmt":"2026-01-27T18:03:35","slug":"team","status":"publish","type":"page","link":"https:\/\/boliviaclasica.com\/es\/about\/team\/","title":{"rendered":"Equipo"},"content":{"rendered":"\n<h2 class=\"wp-block-heading\">Equipo Ejecutivo<\/h2>\n\n\n\n<div class=\"wp-block-media-text is-stacked-on-mobile is-vertically-aligned-top\"><figure class=\"wp-block-media-text__media\"><img decoding=\"async\" src=\"https:\/\/boliviaclasica.com\/wp-content\/uploads\/2025\/09\/AFCM2025-Media-photoshoot_%C2%A9ttlgs0003348-0014-3-1024x514.jpg\" alt=\"\" class=\"wp-image-5497 size-full\"\/><\/figure><div class=\"wp-block-media-text__content\">\n<p><strong>Ana Mar\u00eda Vera, Directora Fundadora<\/strong><\/p>\n\n\n\n<p>La pianista y fundadora de Bolivia Cl\u00e1sica, Ana Mar\u00eda Vera, creci\u00f3 en Washington D.C., pero su afinidad por Bolivia, la tierra natal de su padre, fue profunda desde temprana edad. Ana Mar\u00eda ya realizaba giras con orquestas por todo el mundo cuando descubri\u00f3 la patria de su padre a los nueve a\u00f1os. Su abuelo fue compositor folcl\u00f3rico, escritor y l\u00edder ind\u00edgena, y su abuela, una chola que viv\u00eda en el coraz\u00f3n del ajetreado mercado de las brujas de La Paz; desde esta perspectiva la rica cultura local as\u00ed como las flagrantes injusticias sociales dejaron una huella indeleble. <\/p>\n\n\n\n<p>La primera grabaci\u00f3n de Ana Mar\u00eda con la Filarm\u00f3nica de R\u00f3terdam a los once a\u00f1os fue premiada con un Disco de Oro por Philips, y a los doce a\u00f1os fue invitada a dar un recital en la Casa Blanca para el presidente y la se\u00f1ora Carter. El renombre de Vera en Bolivia creci\u00f3 r\u00e1pidamente, y cuando ten\u00eda diecis\u00e9is a\u00f1os el pa\u00eds emiti\u00f3 un sello postal con su imagen. <\/p>\n\n\n\n<p>Exalumna de Ylda Novik y Leon Fleisher, Vera se ha presentado con la Orquesta de Filadelfia, la Orquesta de Cleveland, la Orquesta Filarm\u00f3nica de Londres, la Orquesta de C\u00e1mara Australiana y la Sinf\u00f3nica de Tokio entre otras, bajo la direcci\u00f3n de Riccardo Muti, Edo de Waart, David Zinman, Eliahu Inbal, Eduardo Mata y Sergiu Comissiona. Ha ofrecido innumerables recitales como solista por todo el mundo y tambi\u00e9n ha dedicado gran parte de su tiempo a la m\u00fasica de c\u00e1mara, desarrollando colaboraciones en d\u00fao con Ivry Gitlis, Joshua Bell y Steven Isserlis. Su grabaci\u00f3n m\u00e1s reciente, de la suite para piano Goyescas de Granados, se public\u00f3 en Signum Classics.<\/p>\n<\/div><\/div>\n\n\n\n<div class=\"wp-block-media-text is-stacked-on-mobile is-vertically-aligned-top\"><figure class=\"wp-block-media-text__media\"><img decoding=\"async\" src=\"https:\/\/boliviaclasica.com\/wp-content\/uploads\/2025\/11\/IMG_5868-768x1024.jpeg\" alt=\"\" class=\"wp-image-5785 size-full\"\/><\/figure><div class=\"wp-block-media-text__content\">\n<p><strong>Armando Vera, Director Acad\u00e9mico<\/strong><\/p>\n\n\n\n<p>El violinista boliviano-estadounidense Armando Vera Woudstra comenz\u00f3 sus estudios de piano y viol\u00edn en los Estados Unidos a los tres a\u00f1os. Atra\u00eddo por el trabajo de ensamble, se uni\u00f3 a varias prestigiosas orquestas juveniles, llegando a ser concertino de la Orquesta Juvenil del Condado de Montgomery. A los diecis\u00e9is a\u00f1os, continu\u00f3 sus estudios musicales en Par\u00eds, Francia, con el violinista Jean-Marc Philips y el reconocido violinista y pedagogo franc\u00e9s Gerard Poulet. Durante los dos a\u00f1os siguientes, Armando gan\u00f3 premios en varios concursos de viol\u00edn en los Estados Unidos y Europa. A su regreso a los Estados Unidos, continu\u00f3 su formaci\u00f3n con la violinista estadounidense Jane Cromwell.<\/p>\n\n\n\n<p>En 1993 Armando decidi\u00f3 mudarse a Bolivia, donde imparti\u00f3 clases de viol\u00edn en el Conservatorio Nacional de M\u00fasica de La Paz y en el Instituto Eduardo Laredo de Cochabamba durante diez a\u00f1os. Comenz\u00f3 a entrenar orquestas juveniles en todo el pa\u00eds con notable \u00e9xito.<\/p>\n\n\n\n<p>Su dedicaci\u00f3n ha brindado frutos notables ya que, a pesar de los numerosos desaf\u00edos, \u2018el nunca renunci\u00f3 a la excelencia como objetivo\u2019, citando un art\u00edculo reciente de La Raz\u00f3n, uno de los principales peri\u00f3dicos de Bolivia. Su inspirador trabajo con j\u00f3venes m\u00fasicos es el coraz\u00f3n del proyecto Bolivia Cl\u00e1sica, y bajo su liderazgo la Orquesta Juvenil Bolivia Cl\u00e1sica se ha convertido en su referente innovador.<\/p>\n<\/div><\/div>\n\n\n\n<div class=\"wp-block-media-text is-stacked-on-mobile is-vertically-aligned-top\"><figure class=\"wp-block-media-text__media\"><img decoding=\"async\" src=\"https:\/\/boliviaclasica.com\/wp-content\/uploads\/2025\/12\/Mraco-Perez-Photo-1024x683.jpg\" alt=\"\" class=\"wp-image-6089 size-full\"\/><\/figure><div class=\"wp-block-media-text__content\">\n<p><strong>Marco Perez, Director Asociado<\/strong> <\/p>\n\n\n\n<p>El pianista boliviano Marco Andrei P\u00e9rez es un apasionado de la exploraci\u00f3n de un repertorio diverso abarcando desde el barroco hasta el jazz y la m\u00fasica latinoamericana. Graduado de la Real Academia de M\u00fasica en Londres donde estudi\u00f3 bajo la tutela de Rustem Hayroudinoff, Marco ha sido reconocido por su talento y profundidad interpretativa desde temprana edad, participando en festivales tanto en Bolivia como en el extranjero. En 2010, a los 12 a\u00f1os, gan\u00f3 el primer premio en el Concurso Internacional de Piano Claudio Arrau otorgado por un jurado internacional, junto con un premio especial por ser el participante internacional m\u00e1s joven.<\/p>\n\n\n\n<p>Comenz\u00f3 sus estudios de piano con la profesora rusa Irina Efanova a los 5 a\u00f1os, con quien continu\u00f3 sus estudios en el Conservatorio Nacional de M\u00fasica de Bolivia. Durante varios a\u00f1os consecutivos recibi\u00f3 premios otorgados a los mejores estudiantes del conservatorio por parte de la Fundaci\u00f3n Hermann y el Conservatorio Nacional. Desde su incorporaci\u00f3n a la Fundaci\u00f3n Bolivia Cl\u00e1sica en 2011, ha realizado numerosos conciertos por todo el pa\u00eds, colaborando con m\u00fasicos invitados en conjuntos de c\u00e1mara y como solista con la Orquesta Bolivia Cl\u00e1sica. Tambi\u00e9n estudi\u00f3 con la reconocida pianista Ana Mar\u00eda Vera entre 2011 y 2012. En 2015 y 2016, fue becado para las Hamptons Music Sessions y las International Music Sessions en Nueva York. En 2017, recibi\u00f3 una beca completa para estudiar en la Royal Academy of Music con el apoyo de la Fundaci\u00f3n Bolivia Cl\u00e1sica.<\/p>\n\n\n\n<p>Durante sus visitas a Bolivia, ofrece recitales como solista e imparte talleres de piano ense\u00f1ando y trabajando con j\u00f3venes pianistas.<\/p>\n<\/div><\/div>\n\n\n\n<div class=\"wp-block-media-text is-stacked-on-mobile is-vertically-aligned-top\"><figure class=\"wp-block-media-text__media\"><img decoding=\"async\" src=\"https:\/\/boliviaclasica.com\/wp-content\/uploads\/2025\/12\/PHOTO-2025-12-27-15-04-42-592x1024.jpeg\" alt=\"\" class=\"wp-image-6823 size-full\"\/><\/figure><div class=\"wp-block-media-text__content\">\n<p><strong>Freddy Huanca, Director Administrativo<\/strong><\/p>\n\n\n\n<p>El Lic. C.P.A. Freddy Huanca Vargas es Auditor Financiero y fue titulado en la Universidad Central &#8216;Unicen&#8217; en La Paz, Bolivia. Ha servido como encargado del departamento contable y administrativo de la Fundaci\u00f3n Bolivia Cl\u00e1sica desde 2023.<\/p>\n<\/div><\/div>\n\n\n\n<h2 class=\"wp-block-heading\">Nuestros Profesores <\/h2>\n\n\n\n<div class=\"wp-block-media-text is-stacked-on-mobile is-vertically-aligned-top\"><figure class=\"wp-block-media-text__media\"><img decoding=\"async\" src=\"https:\/\/boliviaclasica.com\/wp-content\/uploads\/2025\/11\/IMG_20251114_200608_478-1024x683.jpeg\" alt=\"\" class=\"wp-image-5834 size-full\"\/><\/figure><div class=\"wp-block-media-text__content\">\n<p><strong>Rodrigo Sillerico, Violinista y Director de orquesta<\/strong><\/p>\n\n\n\n<p>Rodrigo Sillerico Mayta es un destacado joven director de orquesta y violinista boliviano, comprometido con el arte, la educaci\u00f3n musical y el desarrollo cultural. Comenz\u00f3 su formaci\u00f3n en la Escuela Municipal de Artes y particip\u00f3 activamente en la Orquesta Sinf\u00f3nica Municipal de El Alto. Se especializ\u00f3 en Direcci\u00f3n Orquestal en la Universidad Loyola y recibi\u00f3 una beca de la CAF para estudiar en Venezuela bajo la direcci\u00f3n de Gustavo Dudamel. <\/p>\n\n\n\n<p>Rodrigo recibi\u00f3 formaci\u00f3n musical en Francia y clases magistrales de destacados m\u00fasicos internacionales durante su formaci\u00f3n en el programa de m\u00fasica Bolivia Cl\u00e1sica. Ha sido un miembro activo de la Orquesta Juvenil Bolivia Cl\u00e1sica durante muchos a\u00f1os, colaborando con directores de renombre mundial, as\u00ed como con la Orquesta Sinf\u00f3nica Nacional de Bolivia. <\/p>\n\n\n\n<p>Ha dirigido ensambles como la Orquesta de C\u00e1mara Municipal de El Alto y la Orquesta Sinf\u00f3nica Municipal de El Alto. Actualmente, Rodrigo lidera el programa de m\u00fasica Clave Sol dirigido por Bolivia Cl\u00e1sica en El Alto, un proyecto orquestal con un fuerte componente social, y ense\u00f1a viol\u00edn en la Academia Suzuki. Tambi\u00e9n es fundador y director de las Orquestas Gobernadoras de Bolivia, promoviendo la formaci\u00f3n musical con excelencia y compromiso.<\/p>\n<\/div><\/div>\n\n\n\n<div class=\"wp-block-media-text is-stacked-on-mobile is-vertically-aligned-top\"><figure class=\"wp-block-media-text__media\"><img decoding=\"async\" src=\"https:\/\/boliviaclasica.com\/wp-content\/uploads\/2025\/11\/WhatsApp-Image-2025-09-22-at-15.14.57-682x1024.jpeg\" alt=\"\" class=\"wp-image-5774 size-full\"\/><\/figure><div class=\"wp-block-media-text__content\">\n<p><strong>Pedro Carrillo, Chelista y Director de orquesta<\/strong><\/p>\n\n\n\n<p>Pedro Carrillo (1998) es un chelista y director de orquesta boliviano. Inici\u00f3 sus estudios musicales a los 8 a\u00f1os y estudi\u00f3 en la escuela de m\u00fasica de Bolivia Cl\u00e1sica bajo la tutela de Andrea Garc\u00eda y Armando Vera, habiendo estudiado previamente con el chelista espa\u00f1ol David Paiser. Como parte del programa de formaci\u00f3n de Bolivia Cl\u00e1sica, recibi\u00f3 clases magistrales de reconocidos m\u00fasicos internacionales como William Stam, Francisco Vila, Gregor Riddell, Thomas Gould y Jennifer Stumm, entre otros. <\/p>\n\n\n\n<p>Ha participado activamente en los principales festivales del pa\u00eds, incluyendo Bolivia Joven (Oruro), Bravura y el Festival Internacional de M\u00fasica Barroca y Renacentista de Chiquitos (Santa Cruz), as\u00ed como el Festival TakuApu de Bolivia Cl\u00e1sica en Samaipata. Desde 2021, tambi\u00e9n se desempe\u00f1a como director de \u00f3pera, habiendo dirigido producciones como Carmen, Cavalleria Rusticana, Pagliacci y Tosca. Es especialmente reconocido por su trabajo en orquesta, m\u00fasica de c\u00e1mara y repertorio oper\u00edstico. <\/p>\n\n\n\n<p>Actualmente lidera Clave Sol La Paz, programa de formaci\u00f3n orquestal dirigido por Bolivia Cl\u00e1sica, como director y profesor de chelo.<\/p>\n<\/div><\/div>\n\n\n\n<div class=\"wp-block-media-text is-stacked-on-mobile is-vertically-aligned-top\"><figure class=\"wp-block-media-text__media\"><img decoding=\"async\" src=\"https:\/\/boliviaclasica.com\/wp-content\/uploads\/2025\/11\/WhatsApp-Image-2025-10-24-at-20.17.18-edited-689x1024.jpeg\" alt=\"\" class=\"wp-image-5792 size-full\"\/><\/figure><div class=\"wp-block-media-text__content\">\n<p><strong>Miguel Angel Chambilla, Violinist<\/strong>a<\/p>\n\n\n\n<p>Miguel Chambilla inici\u00f3 sus estudios de viol\u00edn en 2011 en la Escuela Municipal de Artes de El Alto, bajo la gu\u00eda del profesor Richard Gisbert, y comenz\u00f3 sus estudios de chelo en el Proyecto Clave Sol del Banco Sol con el profesor Eduardo Quintela. <\/p>\n\n\n\n<p>En 2012 fue uno de los alumnos del Proyecto Clave Sol seleccionados para formar parte del Programa de Cuartetos de Cuerdas de la Fundaci\u00f3n Bolivia Cl\u00e1sica, gracias a un convenio establecido ese a\u00f1o entre ambas instituciones. Durante este periodo recibi\u00f3 clases individuales y de m\u00fasica de c\u00e1mara con el maestro estadounidense Eric Hosler y el chelista holand\u00e9s Willem Stam. M\u00e1s tarde ese mismo a\u00f1o tom\u00f3 clases con la violinista francesa Marie Fran\u00e7oise Pallot. <\/p>\n\n\n\n<p>En 2013 ingres\u00f3 formalmente al Programa de Formaci\u00f3n Musical de la Fundaci\u00f3n Bolivia Cl\u00e1sica como alumno de viol\u00edn, estudiando con el profesor Armando Vera, y se integr\u00f3 a la Orquesta Preparatoria de Bolivia Cl\u00e1sica bajo su direcci\u00f3n. Durante este periodo particip\u00f3 en clases magistrales con destacados m\u00fasicos internacionales, entre ellos la violista estadounidense Jennifer Stum, el violinista japon\u00e9s Ken Aiso, la violinista holandesa Ana Hiemstra y el violinista boliviano Justo Guti\u00e9rrez. <\/p>\n\n\n\n<p>Entre 2015 y 2018 fue miembro de la Orquesta de C\u00e1mara Juvenil de Bolivia Cl\u00e1sica. Particip\u00f3 en el Festival Bolivia Cl\u00e1sica 2016 en La Paz, bajo la direcci\u00f3n del maestro estadounidense David Stern, y nuevamente en el Festival Bolivia Cl\u00e1sica 2024 en Samaipata, bajo la direcci\u00f3n del director boliviano Cergio Prudencio. <\/p>\n\n\n\n<p>En 2018 inici\u00f3 su labor docente impartiendo clases de viol\u00edn en el Proyecto de Bolivia Cl\u00e1sica en Mallasa. En 2019 fue invitado tocar con la Orquesta de C\u00e1mara Bolivia Cl\u00e1sica, dirigida por el violinista ingl\u00e9s Thomas Gould, y m\u00e1s adelante tom\u00f3 clases con la violinista inglesa Kathy Gowers y particip\u00f3 en un taller dirigido por la violista inglesa Sara Parfitt. A finales de ese mismo a\u00f1o continu\u00f3 su formaci\u00f3n con el profesor Alexander Lapich. <\/p>\n\n\n\n<p>Desde 2025, Miguel Chambilla se desempe\u00f1a como profesor de viol\u00edn y viola del Proyecto Orquestal Clave Sol La Paz, tras ser invitado por la Fundaci\u00f3n Bolivia Cl\u00e1sica.<\/p>\n<\/div><\/div>\n\n\n\n<div class=\"wp-block-media-text is-stacked-on-mobile is-vertically-aligned-top\"><figure class=\"wp-block-media-text__media\"><img decoding=\"async\" src=\"https:\/\/boliviaclasica.com\/wp-content\/uploads\/2025\/11\/DSC09983-ok-edited-1024x683.jpeg\" alt=\"\" class=\"wp-image-5779 size-full\"\/><\/figure><div class=\"wp-block-media-text__content\">\n<p><strong>Andrea Garc\u00eda, Chelista<\/strong><\/p>\n\n\n\n<p>Vania Andrea Garc\u00eda Hinojosa comenz\u00f3 sus estudios musicales en el Instituto Eduardo Laredo en Cochabamba. Continu\u00f3 su formaci\u00f3n en la prestigiosa Interlochen Arts Academy de Michigan (EE. UU.) y obtuvo su Licenciatura en M\u00fasica con honores en la Universidad Estatal de Michigan. Tambi\u00e9n estudi\u00f3 con el reconocido chelista franc\u00e9s Michel Strauss a trav\u00e9s del programa de educaci\u00f3n a distancia del Conservatorio Boulogne-Billancourt de Par\u00eds, con el apoyo de la Fundaci\u00f3n Bolivia Cl\u00e1sica. <\/p>\n\n\n\n<p>Motivada por su inter\u00e9s en la gesti\u00f3n y promoci\u00f3n cultural, Andrea complement\u00f3 su formaci\u00f3n musical con diplomas en estas \u00e1reas y una Maestr\u00eda en Administraci\u00f3n de Empresas del Institute for Global Leaders. Como resultado de estos programas, ha participado en talleres de promoci\u00f3n musical en pa\u00edses en desarrollo de Centroam\u00e9rica y Sudam\u00e9rica.<\/p>\n\n\n\n<p>A lo largo de su carrera, ha formado parte de diversas orquestas en Bolivia y Estados Unidos y ha realizado giras con orquestas por Am\u00e9rica y Europa. Como solista, ha actuado con importantes orquestas en Bolivia. Adem\u00e1s, ha demostrado una notable versatilidad art\u00edstica al participar en la grabaci\u00f3n de bandas sonoras para reconocidas pel\u00edculas bolivianas y colaborar con destacados artistas nacionales en una variedad de g\u00e9neros musicales. <\/p>\n\n\n\n<p>Tras muchos a\u00f1os impartiendo clases de chelo en la escuela Bolivia Cl\u00e1sica, Andrea es actualmente profesora en el Conservatorio Plurinacional de M\u00fasica, miembro de la Sociedad Boliviana de M\u00fasica de C\u00e1mara y del Colectivo de Chhelo, y dirige un estudio privado de chelo.<\/p>\n<\/div><\/div>\n\n\n\n<h2 class=\"wp-block-heading\">Miembros del Directorio<\/h2>\n\n\n\n<p><em>Fundaci\u00f3n Bolivia Cl\u00e1sica (Bolivia)<\/em><\/p>\n\n\n\n<p>Ana Mar\u00eda Vera<\/p>\n\n\n\n<p>Eduardo Quintanilla<\/p>\n\n\n\n<p>Nicol\u00e1s Pe\u00f1a<\/p>\n\n\n\n<p>Mar\u00eda Paola Mu\u00f1oz<\/p>\n\n\n\n<p>Gonzalo Montenegro<\/p>\n\n\n\n<p>Armando Vera<\/p>\n\n\n\n<p>Andrea Garc\u00eda<\/p>\n\n\n\n<p><em>Bolivia Cl\u00e1sica Ltd. <span lang=\"en-US\">Registered Charity No. 1149817 <\/span>(United Kingdom)<\/em><\/p>\n\n\n\n<p><span lang=\"es-BO\">Ana-Maria Vera<\/span><\/p>\n\n\n\n<p class=\"western\"><span lang=\"es-BO\">Jose Maria Linares <\/span><\/p>\n\n\n\n<p class=\"western\"><span lang=\"es-BO\">Sanjay Nazerali<\/span><\/p>\n\n\n\n<p class=\"western\"><em><span lang=\"en-US\">Bolivia Clasica Foundation, <\/span><span lang=\"en-US\">501(c)3 non-profit organization <\/span><span lang=\"en-US\">(United States)<\/span><\/em><\/p>\n\n\n\n<p class=\"western\"><span lang=\"en-US\">Richard Tager<\/span><\/p>\n\n\n\n<p class=\"western\"><span lang=\"en-US\">Paul Sekhri<\/span><\/p>\n\n\n\n<p class=\"western\"><span lang=\"en-US\">Ana-Maria Vera<\/span><\/p>\n\n\n\n<p class=\"western\"><span lang=\"en-US\">Dennis Paul<\/span><\/p>\n\n\n\n<p class=\"western\"><span lang=\"en-US\">John Dunton-Downer<\/span><\/p>\n\n\n\n<p>Isabelle Moutaud<\/p>\n","protected":false},"excerpt":{"rendered":"<p>Equipo Ejecutivo Ana Mar\u00eda Vera, Directora Fundadora La pianista y fundadora de Bolivia Cl\u00e1sica, Ana Mar\u00eda Vera, creci\u00f3 en Washington D.C., pero su afinidad por Bolivia, la tierra natal de su padre, fue profunda desde temprana edad. Ana Mar\u00eda ya realizaba giras con orquestas por todo el mundo cuando descubri\u00f3 la patria de su padre [&hellip;]<\/p>\n","protected":false},"author":2,"featured_media":0,"parent":5162,"menu_order":4,"comment_status":"closed","ping_status":"closed","template":"boxed.php","meta":{"_acf_changed":false,"give_campaign_id":0,"myguten_meta_block_field":"","footnotes":""},"categories":[],"tags":[],"class_list":["post-41","page","type-page","status-publish","hentry"],"acf":[],"campaignId":"","_links":{"self":[{"href":"https:\/\/boliviaclasica.com\/es\/wp-json\/wp\/v2\/pages\/41","targetHints":{"allow":["GET"]}}],"collection":[{"href":"https:\/\/boliviaclasica.com\/es\/wp-json\/wp\/v2\/pages"}],"about":[{"href":"https:\/\/boliviaclasica.com\/es\/wp-json\/wp\/v2\/types\/page"}],"author":[{"embeddable":true,"href":"https:\/\/boliviaclasica.com\/es\/wp-json\/wp\/v2\/users\/2"}],"replies":[{"embeddable":true,"href":"https:\/\/boliviaclasica.com\/es\/wp-json\/wp\/v2\/comments?post=41"}],"version-history":[{"count":8,"href":"https:\/\/boliviaclasica.com\/es\/wp-json\/wp\/v2\/pages\/41\/revisions"}],"predecessor-version":[{"id":8953,"href":"https:\/\/boliviaclasica.com\/es\/wp-json\/wp\/v2\/pages\/41\/revisions\/8953"}],"up":[{"embeddable":true,"href":"https:\/\/boliviaclasica.com\/es\/wp-json\/wp\/v2\/pages\/5162"}],"wp:attachment":[{"href":"https:\/\/boliviaclasica.com\/es\/wp-json\/wp\/v2\/media?parent=41"}],"wp:term":[{"taxonomy":"category","embeddable":true,"href":"https:\/\/boliviaclasica.com\/es\/wp-json\/wp\/v2\/categories?post=41"},{"taxonomy":"post_tag","embeddable":true,"href":"https:\/\/boliviaclasica.com\/es\/wp-json\/wp\/v2\/tags?post=41"}],"curies":[{"name":"wp","href":"https:\/\/api.w.org\/{rel}","templated":true}]}}