{"id":33,"date":"2015-07-08T06:02:53","date_gmt":"2015-07-08T06:02:53","guid":{"rendered":"http:\/\/localhost\/wp_bolivia_clasica\/wp\/?page_id=33"},"modified":"2026-01-21T10:58:29","modified_gmt":"2026-01-21T10:58:29","slug":"supporters-and-sponsors","status":"publish","type":"page","link":"https:\/\/boliviaclasica.com\/es\/about\/foundation\/supporters-and-sponsors\/","title":{"rendered":"Partidarios y patrocinadores"},"content":{"rendered":"\n<p>El programa de educaci\u00f3n musical Bolivia Cl\u00e1sica ha sido posible gracias al patrocinio tanto del sector privado como del p\u00fablico, por lo que estamos enormemente agradecidos. Aunque estamos buscando activamente formas de ser m\u00e1s autosuficientes, seguiremos dependiendo del apoyo de los patrocinadores para garantizar los est\u00e1ndares de excelencia y nuestra capacidad de aceptar a estudiantes de todos los \u00e1mbitos sociales.<\/p>\n\n\n\n<figure class=\"wp-block-image size-large\"><img decoding=\"async\" src=\"https:\/\/boliviaclasica.com\/wp-content\/uploads\/2026\/01\/Logotipo20an%CC%83osBSol_fondosAzul-1024x937.jpg\" alt=\"\" class=\"wp-image-7300\"\/><\/figure>\n\n\n\n<figure class=\"wp-block-image size-large\"><img decoding=\"async\" src=\"https:\/\/boliviaclasica.com\/wp-content\/uploads\/2025\/12\/LOGO-SOLYDES-1024x262.png\" alt=\"\" class=\"wp-image-7007\"\/><\/figure>\n\n\n\n<figure class=\"wp-block-image size-large\"><img decoding=\"async\" src=\"https:\/\/boliviaclasica.com\/wp-content\/uploads\/2025\/12\/pasionaria-logo-791x1024.jpg\" alt=\"\" class=\"wp-image-7002\"\/><\/figure>\n\n\n\n<figure class=\"wp-block-image size-large\"><img decoding=\"async\" src=\"https:\/\/boliviaclasica.com\/wp-content\/uploads\/2026\/01\/soboce300dpi-1024x791.jpg\" alt=\"\" class=\"wp-image-7293\"\/><\/figure>\n\n\n\n<figure class=\"wp-block-image size-large\"><img decoding=\"async\" src=\"https:\/\/boliviaclasica.com\/wp-content\/uploads\/2026\/01\/CAF-Logo-Color-Horizantal-1024x191.jpg\" alt=\"\" class=\"wp-image-7371\"\/><\/figure>\n\n\n\n<figure class=\"wp-block-image size-large\"><img decoding=\"async\" src=\"https:\/\/boliviaclasica.com\/wp-content\/uploads\/2026\/01\/Logo-Zamin-1-879x1024.jpg\" alt=\"\" class=\"wp-image-7286\"\/><\/figure>\n\n\n\n<figure class=\"wp-block-image size-large\"><img decoding=\"async\" src=\"https:\/\/boliviaclasica.com\/wp-content\/uploads\/2025\/12\/LOGO-BANCO-BISA--1024x1024.png\" alt=\"\" class=\"wp-image-7022\"\/><\/figure>\n\n\n\n<figure class=\"wp-block-image size-full\"><img decoding=\"async\" src=\"https:\/\/boliviaclasica.com\/wp-content\/uploads\/2026\/01\/escudo-bolivia-alta-resolucion.gif\" alt=\"\" class=\"wp-image-7298\"\/><\/figure>\n\n\n\n<figure class=\"wp-block-image size-large\"><img decoding=\"async\" src=\"https:\/\/boliviaclasica.com\/wp-content\/uploads\/2026\/01\/Logo50_ES_H_Color-1-1024x262.png\" alt=\"\" class=\"wp-image-7388\"\/><\/figure>\n\n\n\n<figure class=\"wp-block-image size-full\"><img decoding=\"async\" src=\"https:\/\/boliviaclasica.com\/wp-content\/uploads\/2025\/12\/01-MNA-LOGO-NG-1.png\" alt=\"\" class=\"wp-image-7010\"\/><\/figure>\n\n\n\n<figure class=\"wp-block-image size-large\"><img decoding=\"async\" src=\"https:\/\/boliviaclasica.com\/wp-content\/uploads\/2026\/01\/Logotipo-Ministerio-de-Culturas-copy-1024x583.jpg\" alt=\"\" class=\"wp-image-7296\"\/><\/figure>\n\n\n\n<figure class=\"wp-block-image size-large\"><img decoding=\"async\" src=\"https:\/\/boliviaclasica.com\/wp-content\/uploads\/2025\/12\/LOGO-MPD-1024x351.png\" alt=\"\" class=\"wp-image-7013\"\/><\/figure>\n\n\n\n<figure class=\"wp-block-image size-full\"><img decoding=\"async\" src=\"https:\/\/boliviaclasica.com\/wp-content\/uploads\/2026\/01\/LOGO-alcaldia-LA-PAZ.jpg\" alt=\"\" class=\"wp-image-7302\"\/><\/figure>\n\n\n\n<figure class=\"wp-block-image size-large\"><img decoding=\"async\" src=\"https:\/\/boliviaclasica.com\/wp-content\/uploads\/2025\/12\/LOGO-OFICIAL-SW-con-S.A.-23.08.2011-1024x299.jpeg\" alt=\"\" class=\"wp-image-7009\"\/><\/figure>\n\n\n\n<figure class=\"wp-block-image size-large is-resized\"><img decoding=\"async\" src=\"https:\/\/boliviaclasica.com\/wp-content\/uploads\/2026\/01\/Logo_Fautapo_2011-679x1024.jpg\" alt=\"\" class=\"wp-image-7303\" style=\"width:679px;height:auto\"\/><\/figure>\n\n\n\n<figure class=\"wp-block-image size-large\"><img decoding=\"async\" src=\"https:\/\/boliviaclasica.com\/wp-content\/uploads\/2025\/12\/LOGO-CIRCULO-DE-LA-UNION--1024x356.gif\" alt=\"\" class=\"wp-image-7015\"\/><\/figure>\n\n\n\n<figure class=\"wp-block-image size-large\"><img decoding=\"async\" src=\"https:\/\/boliviaclasica.com\/wp-content\/uploads\/2026\/01\/US-EMBASSY-SEAL-LPZ-1024x1024.jpg\" alt=\"\" class=\"wp-image-7305\"\/><\/figure>\n\n\n\n<figure class=\"wp-block-image size-large\"><img decoding=\"async\" src=\"https:\/\/boliviaclasica.com\/wp-content\/uploads\/2026\/01\/BolrgbLhr1-1024x355.jpg\" alt=\"\" class=\"wp-image-7289\"\/><\/figure>\n\n\n\n<figure class=\"wp-block-image size-large\"><img decoding=\"async\" src=\"https:\/\/boliviaclasica.com\/wp-content\/uploads\/2026\/01\/Marca_colores-1024x936.jpg\" alt=\"\" class=\"wp-image-7369\"\/><\/figure>\n\n\n\n<p><\/p>\n\n\n\n<p>Cada paso que damos es posible gracias a la generosidad de individuos, adem\u00e1s de los patrocinadores oficiales. Estamos profundamente agradecidos a estos amigos y aliados por su confianza en nosotros.<\/p>\n\n\n\n<p style=\"font-style:normal;font-weight:500\">Graham y Marcela Smith-Bernal<\/p>\n\n\n\n<p style=\"font-style:normal;font-weight:500\">Fernando Illanes<\/p>\n\n\n\n<p style=\"font-style:normal;font-weight:500\">Samuel Doria Medina<\/p>\n\n\n\n<p style=\"font-style:normal;font-weight:500\">Jos\u00e9 and Cecilia Linares<\/p>\n\n\n\n<p style=\"font-style:normal;font-weight:500\">Maria Paula Mu\u00f1oz y Santos Coaquira <\/p>\n\n\n\n<p style=\"font-style:normal;font-weight:500\">Bettina Kadoorie <\/p>\n\n\n\n<p style=\"font-style:normal;font-weight:500\">Alberto Sciamma<\/p>\n\n\n\n<p style=\"font-style:normal;font-weight:500\">Marianna Cash<\/p>\n\n\n\n<p style=\"font-style:normal;font-weight:500\">Elizabeth Downer Simpson<\/p>\n\n\n\n<p style=\"font-style:normal;font-weight:500\">Richard Tager<\/p>\n\n\n\n<p style=\"font-style:normal;font-weight:500\">Caroline Gowers<\/p>\n\n\n\n<p style=\"font-style:normal;font-weight:500\">Nestor Paz Galindo<\/p>\n\n\n\n<p style=\"font-style:normal;font-weight:500\">Jason Price, Tarisio<\/p>\n\n\n\n<p style=\"font-style:normal;font-weight:500\">Simon Morris, J &#038; A Beare Violins<\/p>\n\n\n\n<p style=\"font-style:normal;font-weight:500\">Aaron Robertson, Robertson &#038; Sons Violin Shop Inc.<\/p>\n\n\n\n<p style=\"font-style:normal;font-weight:500\">Quintanilla, Soria &#038; Nishizawa Soc. Civ. Abogados<\/p>\n\n\n\n<p style=\"font-style:normal;font-weight:500\">Charles Renfro, Diller Scofidio &#038; Renfro architects<\/p>\n\n\n\n<p style=\"font-style:normal;font-weight:500\">Sadie Thompson, Jonas Lencer, Judith Stichtenroch, drMM architects<\/p>\n\n\n\n<p style=\"font-style:normal;font-weight:500\">Bob y Elizabeth Boas<\/p>\n\n\n\n<p style=\"font-style:normal;font-weight:500\">Ros\u00e1ngela Conitzer de Echaz\u00fa<\/p>\n\n\n\n<p style=\"font-style:normal;font-weight:500\">Brent y Pip Hansen<\/p>\n\n\n\n<p style=\"font-style:normal;font-weight:500\">Enny y Lon Monasch<\/p>\n\n\n\n<p style=\"font-style:normal;font-weight:500\">Sr. y Sra. Joseph Oughorlian<\/p>\n\n\n\n<p style=\"font-style:normal;font-weight:500\">Sr. y Sra. Arostegui<\/p>\n\n\n\n<p style=\"font-style:normal;font-weight:500\">Sr. Wiszniewski<\/p>\n\n\n\n<p style=\"font-style:normal;font-weight:500\">David Rattray, Rattray Violins<\/p>\n\n\n\n<p style=\"font-style:normal;font-weight:500\">Ron Dunton<\/p>\n\n\n\n<p style=\"font-style:normal;font-weight:500\">Mela Marquez, Cinemateca Boliviana<\/p>\n\n\n\n<p style=\"font-style:normal;font-weight:500\">Flavio Machicado<\/p>\n\n\n\n<p style=\"font-style:normal;font-weight:500\">Graciela Rodo-Boulanger<\/p>\n\n\n\n<p style=\"font-style:normal;font-weight:500\">Teresa Soria<\/p>\n\n\n\n<p style=\"font-style:normal;font-weight:500\">Amparo Ballivi\u00e1n<\/p>\n\n\n\n<p style=\"font-style:normal;font-weight:500\">Claire Marsden<\/p>\n\n\n\n<p style=\"font-style:normal;font-weight:500\">Luis Antelo<\/p>\n\n\n\n<p style=\"font-style:normal;font-weight:500\">Dr. Carlos Duch\u00e9n<\/p>\n","protected":false},"excerpt":{"rendered":"<p>El programa de educaci\u00f3n musical Bolivia Cl\u00e1sica ha sido posible gracias al patrocinio tanto del sector privado como del p\u00fablico, por lo que estamos enormemente agradecidos. Aunque estamos buscando activamente formas de ser m\u00e1s autosuficientes, seguiremos dependiendo del apoyo de los patrocinadores para garantizar los est\u00e1ndares de excelencia y nuestra capacidad de aceptar a estudiantes [&hellip;]<\/p>\n","protected":false},"author":2,"featured_media":0,"parent":25,"menu_order":4,"comment_status":"closed","ping_status":"open","template":"gallery.php","meta":{"_acf_changed":false,"give_campaign_id":0,"myguten_meta_block_field":"","footnotes":""},"categories":[12],"tags":[],"class_list":["post-33","page","type-page","status-publish","hentry","category-partnership"],"acf":[],"campaignId":"","_links":{"self":[{"href":"https:\/\/boliviaclasica.com\/es\/wp-json\/wp\/v2\/pages\/33","targetHints":{"allow":["GET"]}}],"collection":[{"href":"https:\/\/boliviaclasica.com\/es\/wp-json\/wp\/v2\/pages"}],"about":[{"href":"https:\/\/boliviaclasica.com\/es\/wp-json\/wp\/v2\/types\/page"}],"author":[{"embeddable":true,"href":"https:\/\/boliviaclasica.com\/es\/wp-json\/wp\/v2\/users\/2"}],"replies":[{"embeddable":true,"href":"https:\/\/boliviaclasica.com\/es\/wp-json\/wp\/v2\/comments?post=33"}],"version-history":[{"count":11,"href":"https:\/\/boliviaclasica.com\/es\/wp-json\/wp\/v2\/pages\/33\/revisions"}],"predecessor-version":[{"id":8908,"href":"https:\/\/boliviaclasica.com\/es\/wp-json\/wp\/v2\/pages\/33\/revisions\/8908"}],"up":[{"embeddable":true,"href":"https:\/\/boliviaclasica.com\/es\/wp-json\/wp\/v2\/pages\/25"}],"wp:attachment":[{"href":"https:\/\/boliviaclasica.com\/es\/wp-json\/wp\/v2\/media?parent=33"}],"wp:term":[{"taxonomy":"category","embeddable":true,"href":"https:\/\/boliviaclasica.com\/es\/wp-json\/wp\/v2\/categories?post=33"},{"taxonomy":"post_tag","embeddable":true,"href":"https:\/\/boliviaclasica.com\/es\/wp-json\/wp\/v2\/tags?post=33"}],"curies":[{"name":"wp","href":"https:\/\/api.w.org\/{rel}","templated":true}]}}