{"id":2746,"date":"2015-12-21T20:29:15","date_gmt":"2015-12-21T20:29:15","guid":{"rendered":"http:\/\/boliviaclasica.mewmedia.com\/?page_id=2746"},"modified":"2015-12-21T20:29:15","modified_gmt":"2015-12-21T20:29:15","slug":"press","status":"publish","type":"page","link":"https:\/\/boliviaclasica.com\/es\/media-gallery\/press\/","title":{"rendered":"Press"},"content":{"rendered":"\n<figure class=\"wp-block-image size-large is-resized\"><img decoding=\"async\" src=\"https:\/\/boliviaclasica.com\/wp-content\/uploads\/2026\/01\/IMG_5895-768x1024.jpg\" alt=\"\" class=\"wp-image-7146\" style=\"width:452px;height:auto\"\/><\/figure>\n\n\n\n<figure class=\"wp-block-image size-large is-resized\"><img decoding=\"async\" src=\"https:\/\/boliviaclasica.com\/wp-content\/uploads\/2026\/01\/IMG_1599-768x1024.jpg\" alt=\"\" class=\"wp-image-7142\" style=\"width:454px;height:auto\"\/><\/figure>\n\n\n\n<figure class=\"wp-block-image size-large is-resized\"><img decoding=\"async\" src=\"https:\/\/boliviaclasica.com\/wp-content\/uploads\/2026\/01\/IMG_1594-768x1024.jpg\" alt=\"\" class=\"wp-image-7144\" style=\"width:453px;height:auto\"\/><\/figure>\n\n\n\n<figure class=\"wp-block-image size-large is-resized\"><img decoding=\"async\" src=\"https:\/\/boliviaclasica.com\/wp-content\/uploads\/2026\/01\/IMG_1603-768x1024.jpg\" alt=\"\" class=\"wp-image-7141\" style=\"width:450px;height:auto\"\/><\/figure>\n\n\n\n<figure class=\"wp-block-image size-full\"><img decoding=\"async\" src=\"https:\/\/boliviaclasica.com\/wp-content\/uploads\/2026\/01\/Image-06-01-2026-at-14.29.jpg\" alt=\"\" class=\"wp-image-7172\"\/><\/figure>\n\n\n\n<figure class=\"wp-block-image size-large\"><img decoding=\"async\" src=\"https:\/\/boliviaclasica.com\/wp-content\/uploads\/2026\/01\/IMG_1596-768x1024.jpg\" alt=\"\" class=\"wp-image-7145\"\/><\/figure>\n\n\n\n<figure class=\"wp-block-image size-large\"><img decoding=\"async\" src=\"https:\/\/boliviaclasica.com\/wp-content\/uploads\/2026\/01\/IMG_5898-768x1024.jpg\" alt=\"\" class=\"wp-image-7147\"\/><\/figure>\n\n\n\n<figure class=\"wp-block-image size-large\"><img decoding=\"async\" src=\"https:\/\/boliviaclasica.com\/wp-content\/uploads\/2026\/01\/IMG_5900-1024x768.jpg\" alt=\"\" class=\"wp-image-7148\"\/><\/figure>\n\n\n\n<figure class=\"wp-block-image size-large\"><img decoding=\"async\" src=\"https:\/\/boliviaclasica.com\/wp-content\/uploads\/2026\/01\/903FA244-DFFA-484C-ADB2-C5BA9F376886-724x1024.jpg\" alt=\"\" class=\"wp-image-7149\"\/><\/figure>\n\n\n\n<p><a href=\"https:\/\/www.latinolife.co.uk\/articles\/bolivia-clasica\">https:\/\/www.latinolife.co.uk\/articles\/bolivia-clasica<\/a><\/p>\n\n\n\n<figure class=\"wp-block-image size-large\"><img decoding=\"async\" src=\"https:\/\/boliviaclasica.com\/wp-content\/uploads\/2026\/01\/IMG_1600-1024x768.jpg\" alt=\"\" class=\"wp-image-7151\"\/><\/figure>\n\n\n\n<figure class=\"wp-block-image size-large\"><img decoding=\"async\" src=\"https:\/\/boliviaclasica.com\/wp-content\/uploads\/2026\/01\/IMG_1597-768x1024.jpg\" alt=\"\" class=\"wp-image-7152\"\/><\/figure>\n\n\n\n<figure class=\"wp-block-image size-large\"><img decoding=\"async\" src=\"https:\/\/boliviaclasica.com\/wp-content\/uploads\/2026\/01\/Image-06-01-2026-at-14.13-1024x805.jpg\" alt=\"\" class=\"wp-image-7175\" style=\"aspect-ratio:1.272064739009039\"\/><\/figure>\n\n\n\n<figure class=\"wp-block-image size-large\"><img decoding=\"async\" src=\"https:\/\/boliviaclasica.com\/wp-content\/uploads\/2026\/01\/IMG_1698-1024x636.jpg\" alt=\"\" class=\"wp-image-7153\"\/><\/figure>\n\n\n\n<p><span style=\"color: #8dd4cf;\"><a href=\"http:\/\/www.boliviaclasica.com\/EN\/PDF\/P7_3.pdf\"><strong>P\u00e1gina Siete<\/strong><\/a><\/span><br>2016 &#8211; july<\/p>\n\n\n\n<p><span style=\"color: #8dd4cf;\"><a href=\"http:\/\/www.boliviaclasica.com\/EN\/PDF\/p7x.pdf\"><strong>P\u00e1gina Siete<\/strong><\/a><\/span><br>2015 &#8211; december<\/p>\n\n\n\n<p><span style=\"color: #8dd4cf;\"><a href=\"http:\/\/www.boliviaclasica.com\/EN\/PDF\/p7x.pdf\"><strong><span style=\"color: #8dd4cf;\"><\/span><\/strong><\/a><strong><a href=\"http:\/\/www.boliviaclasica.com\/EN\/PDF\/r3.pdf\">La Raz\u00f3n<\/a><\/strong><\/span><br>2012 &#8211; august<\/p>\n\n\n\n<p><span style=\"color: #8dd4cf;\"><a href=\"http:\/\/www.boliviaclasica.com\/EN\/PDF\/p7x.pdf\"><strong><span style=\"color: #8dd4cf;\"><\/span><\/strong><\/a><strong><a href=\"http:\/\/www.boliviaclasica.com\/EN\/PDF\/r3.pdf\"><span style=\"color: #8dd4cf;\"><\/span><\/a><a href=\"http:\/\/www.boliviaclasica.com\/EN\/PDF\/CS_1.pdf\">Correo del Sur<\/a><\/strong><\/span><br>2016 &#8211; september<\/p>\n\n\n\n<p><span style=\"color: #8dd4cf;\"><a href=\"http:\/\/www.boliviaclasica.com\/EN\/PDF\/p7x.pdf\"><strong><span style=\"color: #8dd4cf;\"><\/span><\/strong><\/a><strong><a href=\"http:\/\/www.boliviaclasica.com\/EN\/PDF\/r3.pdf\"><span style=\"color: #8dd4cf;\"><\/span><\/a><a href=\"http:\/\/www.boliviaclasica.com\/EN\/PDF\/CS_1.pdf\"><span style=\"color: #8dd4cf;\"><\/span><\/a><a href=\"http:\/\/www.boliviaclasica.com\/EN\/PDF\/r2.pdf\">La Raz\u00f3n<\/a><\/strong><\/span><br>2012 &#8211; august<\/p>\n\n\n\n<p><\/p>\n\n\n\n<p><a href=\"https:\/\/www.latinolife.co.uk\/articles\/bolivia-clasica\">Latino Life &#8211; Bolivia Cl\u00e1sica<\/a><\/p>\n\n\n\n<p><span style=\"color: #8dd4cf;\"><a href=\"http:\/\/www.boliviaclasica.com\/EN\/PDF\/p7x.pdf\"><strong><span style=\"color: #8dd4cf;\"><\/span><\/strong><\/a><strong><a href=\"http:\/\/www.boliviaclasica.com\/EN\/PDF\/r3.pdf\"><span style=\"color: #8dd4cf;\"><\/span><\/a><a href=\"http:\/\/www.boliviaclasica.com\/EN\/PDF\/CS_1.pdf\"><span style=\"color: #8dd4cf;\"><\/span><\/a><a href=\"http:\/\/www.boliviaclasica.com\/EN\/PDF\/r2.pdf\"><span style=\"color: #8dd4cf;\"><\/span><\/a><a href=\"http:\/\/www.laprensa.com.bo\/diario\/entretendencias\/escena\/20111021\/ana-maria-vera-quiere-una-bolivia-clasica_9775_16392.html\"><span style=\"color: #8dd4cf;\"><\/span><\/a><a href=\"http:\/\/www.boliviaclasica.com\/EN\/PDF\/Rx1.pdf\">La Raz\u00f3n<\/a><\/strong><\/span><br>2015 &#8211; november<\/p>\n\n\n\n<p><span style=\"color: #8dd4cf;\"><a href=\"http:\/\/www.boliviaclasica.com\/EN\/PDF\/p7x.pdf\"><strong><span style=\"color: #8dd4cf;\"><\/span><\/strong><\/a><strong><a href=\"http:\/\/www.boliviaclasica.com\/EN\/PDF\/r3.pdf\"><span style=\"color: #8dd4cf;\"><\/span><\/a><a href=\"http:\/\/www.boliviaclasica.com\/EN\/PDF\/CS_1.pdf\"><span style=\"color: #8dd4cf;\"><\/span><\/a><a href=\"http:\/\/www.boliviaclasica.com\/EN\/PDF\/r2.pdf\"><span style=\"color: #8dd4cf;\"><\/span><\/a><a href=\"http:\/\/www.laprensa.com.bo\/diario\/entretendencias\/escena\/20111021\/ana-maria-vera-quiere-una-bolivia-clasica_9775_16392.html\"><span style=\"color: #8dd4cf;\"><\/span><\/a><a href=\"http:\/\/www.boliviaclasica.com\/EN\/PDF\/Rx1.pdf\"><span style=\"color: #8dd4cf;\"><\/span><\/a><a href=\"http:\/\/www.boliviaclasica.com\/EN\/PDF\/r4.pdf\">La Raz\u00f3n<\/a><\/strong><\/span><br>2012 &#8211; september<\/p>\n\n\n\n<p><span style=\"color: #8dd4cf;\"><a href=\"http:\/\/www.boliviaclasica.com\/EN\/PDF\/p7x.pdf\"><strong><span style=\"color: #8dd4cf;\"><\/span><\/strong><\/a><strong><a href=\"http:\/\/www.boliviaclasica.com\/EN\/PDF\/r3.pdf\"><span style=\"color: #8dd4cf;\"><\/span><\/a><a href=\"http:\/\/www.boliviaclasica.com\/EN\/PDF\/CS_1.pdf\"><span style=\"color: #8dd4cf;\"><\/span><\/a><a href=\"http:\/\/www.boliviaclasica.com\/EN\/PDF\/r2.pdf\"><span style=\"color: #8dd4cf;\"><\/span><\/a><a href=\"http:\/\/www.laprensa.com.bo\/diario\/entretendencias\/escena\/20111021\/ana-maria-vera-quiere-una-bolivia-clasica_9775_16392.html\"><span style=\"color: #8dd4cf;\"><\/span><\/a><a href=\"http:\/\/www.boliviaclasica.com\/EN\/PDF\/Rx1.pdf\"><span style=\"color: #8dd4cf;\"><\/span><\/a><a href=\"http:\/\/www.boliviaclasica.com\/EN\/PDF\/r4.pdf\"><span style=\"color: #8dd4cf;\"><\/span><\/a><a href=\"http:\/\/www.eldiario.net\/noticias\/2011\/2011_10\/nt111027\/6_01clt.php\"><span style=\"color: #8dd4cf;\"><\/span><\/a><a href=\"http:\/\/www.boliviaclasica.com\/EN\/PDF\/Rx4.png\">La Raz\u00f3n<\/a><\/strong><\/span><br>2015 &#8211; december<\/p>\n\n\n\n<p><span style=\"color: #8dd4cf;\"><a href=\"http:\/\/www.boliviaclasica.com\/EN\/PDF\/p7x.pdf\"><strong><span style=\"color: #8dd4cf;\"><\/span><\/strong><\/a><strong><a href=\"http:\/\/www.boliviaclasica.com\/EN\/PDF\/r3.pdf\"><span style=\"color: #8dd4cf;\"><\/span><\/a><a href=\"http:\/\/www.boliviaclasica.com\/EN\/PDF\/CS_1.pdf\"><span style=\"color: #8dd4cf;\"><\/span><\/a><a href=\"http:\/\/www.boliviaclasica.com\/EN\/PDF\/r2.pdf\"><span style=\"color: #8dd4cf;\"><\/span><\/a><a href=\"http:\/\/www.laprensa.com.bo\/diario\/entretendencias\/escena\/20111021\/ana-maria-vera-quiere-una-bolivia-clasica_9775_16392.html\"><span style=\"color: #8dd4cf;\"><\/span><\/a><a href=\"http:\/\/www.boliviaclasica.com\/EN\/PDF\/Rx1.pdf\"><span style=\"color: #8dd4cf;\"><\/span><\/a><a href=\"http:\/\/www.boliviaclasica.com\/EN\/PDF\/r4.pdf\"><span style=\"color: #8dd4cf;\"><\/span><\/a><a href=\"http:\/\/www.eldiario.net\/noticias\/2011\/2011_10\/nt111027\/6_01clt.php\"><span style=\"color: #8dd4cf;\"><\/span><\/a><a href=\"http:\/\/www.boliviaclasica.com\/EN\/PDF\/Rx4.png\"><span style=\"color: #8dd4cf;\"><\/span><\/a><a href=\"http:\/\/noticias.lainformacion.com\/arte-cultura-y-espectaculos\/musica-clasica\/ninos-bolivianos-revelan-su-talento-musical-con-ayuda-de-maestros-extranjeros_5roc7FJethyCM2ww5rhQN3\/\"><span style=\"color: #8dd4cf;\"><\/span><\/a><a href=\"http:\/\/www.boliviaclasica.com\/EN\/PDF\/b1.pdf\">Bolivia.com<\/a><\/strong><\/span><br>2012 &#8211; august<\/p>\n","protected":false},"excerpt":{"rendered":"<p>https:\/\/www.latinolife.co.uk\/articles\/bolivia-clasica P\u00e1gina Siete2016 &#8211; july P\u00e1gina Siete2015 &#8211; december La Raz\u00f3n2012 &#8211; august Correo del Sur2016 &#8211; september La Raz\u00f3n2012 &#8211; august Latino Life &#8211; Bolivia Cl\u00e1sica La Raz\u00f3n2015 &#8211; november La Raz\u00f3n2012 &#8211; september La Raz\u00f3n2015 &#8211; december Bolivia.com2012 &#8211; august<\/p>\n","protected":false},"author":2,"featured_media":6223,"parent":11,"menu_order":0,"comment_status":"closed","ping_status":"closed","template":"","meta":{"_acf_changed":false,"give_campaign_id":0,"myguten_meta_block_field":"","footnotes":""},"categories":[],"tags":[],"class_list":["post-2746","page","type-page","status-publish","has-post-thumbnail","hentry"],"acf":[],"campaignId":"","_links":{"self":[{"href":"https:\/\/boliviaclasica.com\/es\/wp-json\/wp\/v2\/pages\/2746","targetHints":{"allow":["GET"]}}],"collection":[{"href":"https:\/\/boliviaclasica.com\/es\/wp-json\/wp\/v2\/pages"}],"about":[{"href":"https:\/\/boliviaclasica.com\/es\/wp-json\/wp\/v2\/types\/page"}],"author":[{"embeddable":true,"href":"https:\/\/boliviaclasica.com\/es\/wp-json\/wp\/v2\/users\/2"}],"replies":[{"embeddable":true,"href":"https:\/\/boliviaclasica.com\/es\/wp-json\/wp\/v2\/comments?post=2746"}],"version-history":[{"count":0,"href":"https:\/\/boliviaclasica.com\/es\/wp-json\/wp\/v2\/pages\/2746\/revisions"}],"up":[{"embeddable":true,"href":"https:\/\/boliviaclasica.com\/es\/wp-json\/wp\/v2\/pages\/11"}],"wp:featuredmedia":[{"embeddable":true,"href":"https:\/\/boliviaclasica.com\/es\/wp-json\/"}],"wp:attachment":[{"href":"https:\/\/boliviaclasica.com\/es\/wp-json\/wp\/v2\/media?parent=2746"}],"wp:term":[{"taxonomy":"category","embeddable":true,"href":"https:\/\/boliviaclasica.com\/es\/wp-json\/wp\/v2\/categories?post=2746"},{"taxonomy":"post_tag","embeddable":true,"href":"https:\/\/boliviaclasica.com\/es\/wp-json\/wp\/v2\/tags?post=2746"}],"curies":[{"name":"wp","href":"https:\/\/api.w.org\/{rel}","templated":true}]}}