{"id":25,"date":"2015-07-08T06:00:13","date_gmt":"2015-07-08T06:00:13","guid":{"rendered":"http:\/\/localhost\/wp_bolivia_clasica\/wp\/?page_id=25"},"modified":"2015-07-08T06:00:13","modified_gmt":"2015-07-08T06:00:13","slug":"foundation","status":"publish","type":"page","link":"https:\/\/boliviaclasica.com\/es\/about\/foundation\/","title":{"rendered":"Foundation"},"content":{"rendered":"<div class=\"x-text\">\n<h3>Fundaci\u00f3n Bolivia Cl\u00e1sica<\/h3>\n<\/div>\n<div class=\"x-text\">The Fundaci\u00f3n Bolivia Cl\u00e1sica is a non-profit organization which was founded in January 2014 as a mechanism to raise funds, receive donations, and facilitate institutional collaborations world-wide in order to promote arts and culture in Bolivia.<\/div>\n<div class=\"x-text\"><\/div>\n<div class=\"x-text\"><span style=\"color: #8dd4cf;\">President:<\/span> Ana-Maria Vera<br \/>\n<span style=\"color: #8dd4cf;\">Vice-President:<\/span> Gonzalo Montenegro<br \/>\n<span style=\"color: #8dd4cf;\">Treasurer:<\/span> Ricardo Estrada<\/div>\n<div class=\"x-text\"><span style=\"color: #8dd4cf;\">Members:<\/span><br \/>\nEduardo Quintanilla, Armando Vera, Sonia Bustillos, Samuel Burgoa, Maria Aguilar.<\/p>\n<\/div>\n<div class=\"x-text\">\n<h3>Bolivia Cl\u00e1sica Ltd.<\/h3>\n<\/div>\n<div class=\"x-text\">\n<div>Our charitable trust in the United Kingdom (Registration number: 1149817)<\/div>\n<div><\/div>\n<div><\/div>\n<div><span style=\"color: #8dd4cf;\">Trustees:<\/span><br \/>\nJose Maria Linares<br \/>\nSanjay Nazerali<br \/>\nAna-Maria Vera<\/div>\n<\/div>\n<div class=\"x-text\">\n<h3>Bolivia Clasica Foundation<\/h3>\n<\/div>\n<div class=\"x-text\">The Bolivia Clasica Foundation is a 501(c)3 non-profit organization registered in the United States, which was founded in January 2016 as a mechanism to raise funds, receive donations and grants, and facilitate institutional collaborations world-wide in order to promote arts and culture in Bolivia, with a particular emphasis on quality music education for at-risk children and youth.<\/div>\n<div><span style=\"color: #8dd4cf;\">Trustees:<\/span><br \/>\nPaul Sekhri<br \/>\nRichard Tager<br \/>\nAna-Maria Vera<br \/>\nDennis Paul<br \/>\nJohn Dunton-Downer<\/div>\n<div>Isabelle Moutaud<\/div>\n","protected":false},"excerpt":{"rendered":"<p>Fundaci\u00f3n Bolivia Cl\u00e1sica The Fundaci\u00f3n Bolivia Cl\u00e1sica is a non-profit organization which was founded in January 2014 as a mechanism to raise funds, receive donations, and facilitate institutional collaborations world-wide in order to promote arts and culture in Bolivia. President: Ana-Maria Vera Vice-President: Gonzalo Montenegro Treasurer: Ricardo Estrada Members: Eduardo Quintanilla, Armando Vera, Sonia Bustillos, [&hellip;]<\/p>\n","protected":false},"author":2,"featured_media":0,"parent":5162,"menu_order":1,"comment_status":"closed","ping_status":"closed","template":"","meta":{"_acf_changed":false,"give_campaign_id":0,"myguten_meta_block_field":"","footnotes":""},"categories":[],"tags":[],"class_list":["post-25","page","type-page","status-publish","hentry"],"acf":[],"campaignId":"","_links":{"self":[{"href":"https:\/\/boliviaclasica.com\/es\/wp-json\/wp\/v2\/pages\/25","targetHints":{"allow":["GET"]}}],"collection":[{"href":"https:\/\/boliviaclasica.com\/es\/wp-json\/wp\/v2\/pages"}],"about":[{"href":"https:\/\/boliviaclasica.com\/es\/wp-json\/wp\/v2\/types\/page"}],"author":[{"embeddable":true,"href":"https:\/\/boliviaclasica.com\/es\/wp-json\/wp\/v2\/users\/2"}],"replies":[{"embeddable":true,"href":"https:\/\/boliviaclasica.com\/es\/wp-json\/wp\/v2\/comments?post=25"}],"version-history":[{"count":0,"href":"https:\/\/boliviaclasica.com\/es\/wp-json\/wp\/v2\/pages\/25\/revisions"}],"up":[{"embeddable":true,"href":"https:\/\/boliviaclasica.com\/es\/wp-json\/wp\/v2\/pages\/5162"}],"wp:attachment":[{"href":"https:\/\/boliviaclasica.com\/es\/wp-json\/wp\/v2\/media?parent=25"}],"wp:term":[{"taxonomy":"category","embeddable":true,"href":"https:\/\/boliviaclasica.com\/es\/wp-json\/wp\/v2\/categories?post=25"},{"taxonomy":"post_tag","embeddable":true,"href":"https:\/\/boliviaclasica.com\/es\/wp-json\/wp\/v2\/tags?post=25"}],"curies":[{"name":"wp","href":"https:\/\/api.w.org\/{rel}","templated":true}]}}