{"id":142,"date":"2015-07-08T07:49:29","date_gmt":"2015-07-08T07:49:29","guid":{"rendered":"http:\/\/localhost\/wp_bolivia_clasica\/wp\/?page_id=142"},"modified":"2026-02-27T02:29:18","modified_gmt":"2026-02-27T02:29:18","slug":"donate","status":"publish","type":"page","link":"https:\/\/boliviaclasica.com\/es\/donate\/","title":{"rendered":"Donar"},"content":{"rendered":"\n<p>Detr\u00e1s de cada nota y cada sonrisa hay un esfuerzo compartido. Nuestros principales gastos se destinan a apoyar a los dedicados profesores locales de m\u00fasica, cubrir los viajes de nuestros maestros invitados internacionales, comprar y cuidar los instrumentos que hacen posible la magia, y sostener el trabajo administrativo que mantiene vivo este sue\u00f1o. Tambi\u00e9n recaudamos fondos para que nuestros talentos m\u00e1s brillantes puedan formarse con los mejores maestros del mundo, con el compromiso de siempre mantener fuertes lazos con Bolivia y regresar con nuevas ideas, energ\u00eda e inspiraci\u00f3n.<\/p>\n\n\n\n<form style=\"text-align: center; font-size: 18px;\" action=\"https:\/\/www.paypal.com\/cgi-bin\/webscr\" method=\"post\">\n<input name=\"cmd\" type=\"hidden\" value=\"_s-xclick\" \/>\n<input name=\"hosted_button_id\" type=\"hidden\" value=\"55YF9ZE59DNYA\" \/>\n<input alt=\"PayPal \u2014 The safer, easier way to pay online.\" name=\"submit\" src=\"\/wp-content\/themes\/bolivia-clasica\/assets\/images\/Pypal_donation_BC.png\" type=\"image\" \/>\n<img loading=\"lazy\" decoding=\"async\" src=\"\/wp-content\/themes\/bolivia-clasica\/assets\/images\/Pypal_donation_BC.png\" alt=\"\" width=\"1\" height=\"1\" border=\"0\" \/><\/form>\n\n\n\n\n\n<p><\/p>\n","protected":false},"excerpt":{"rendered":"<p>Detr\u00e1s de cada nota y cada sonrisa hay un esfuerzo compartido. Nuestros principales gastos se destinan a apoyar a los dedicados profesores locales de m\u00fasica, cubrir los viajes de nuestros maestros invitados internacionales, comprar y cuidar los instrumentos que hacen posible la magia, y sostener el trabajo administrativo que mantiene vivo este sue\u00f1o. Tambi\u00e9n recaudamos [&hellip;]<\/p>\n","protected":false},"author":2,"featured_media":8225,"parent":0,"menu_order":1,"comment_status":"closed","ping_status":"open","template":"","meta":{"_acf_changed":false,"give_campaign_id":0,"myguten_meta_block_field":"","footnotes":""},"categories":[15,12,19],"tags":[],"class_list":["post-142","page","type-page","status-publish","has-post-thumbnail","hentry","category-box5","category-partnership","category-scholarship"],"acf":[],"campaignId":"","_links":{"self":[{"href":"https:\/\/boliviaclasica.com\/es\/wp-json\/wp\/v2\/pages\/142","targetHints":{"allow":["GET"]}}],"collection":[{"href":"https:\/\/boliviaclasica.com\/es\/wp-json\/wp\/v2\/pages"}],"about":[{"href":"https:\/\/boliviaclasica.com\/es\/wp-json\/wp\/v2\/types\/page"}],"author":[{"embeddable":true,"href":"https:\/\/boliviaclasica.com\/es\/wp-json\/wp\/v2\/users\/2"}],"replies":[{"embeddable":true,"href":"https:\/\/boliviaclasica.com\/es\/wp-json\/wp\/v2\/comments?post=142"}],"version-history":[{"count":18,"href":"https:\/\/boliviaclasica.com\/es\/wp-json\/wp\/v2\/pages\/142\/revisions"}],"predecessor-version":[{"id":8972,"href":"https:\/\/boliviaclasica.com\/es\/wp-json\/wp\/v2\/pages\/142\/revisions\/8972"}],"wp:featuredmedia":[{"embeddable":true,"href":"https:\/\/boliviaclasica.com\/es\/wp-json\/wp\/v2\/media\/8225"}],"wp:attachment":[{"href":"https:\/\/boliviaclasica.com\/es\/wp-json\/wp\/v2\/media?parent=142"}],"wp:term":[{"taxonomy":"category","embeddable":true,"href":"https:\/\/boliviaclasica.com\/es\/wp-json\/wp\/v2\/categories?post=142"},{"taxonomy":"post_tag","embeddable":true,"href":"https:\/\/boliviaclasica.com\/es\/wp-json\/wp\/v2\/tags?post=142"}],"curies":[{"name":"wp","href":"https:\/\/api.w.org\/{rel}","templated":true}]}}